{"id":1464,"date":"2026-04-28T14:16:26","date_gmt":"2026-04-28T12:16:26","guid":{"rendered":"https:\/\/www.magnetiqtechnologies.com\/?page_id=1464"},"modified":"2026-04-28T14:40:35","modified_gmt":"2026-04-28T12:40:35","slug":"recycling-magnets-solutions","status":"publish","type":"page","link":"https:\/\/www.magnetiqtechnologies.com\/de\/recycling-magnets-solutions\/","title":{"rendered":"Recycling Magnets Solutions"},"content":{"rendered":"<section class=\"l-section wpb_row height_auto\"><div class=\"l-section-h i-cf\"><div class=\"g-cols vc_row via_grid cols_1 laptops-cols_inherit tablets-cols_inherit mobiles-cols_1 valign_top type_default stacking_default\"><div class=\"wpb_column vc_column_container\"><div class=\"vc_column-inner\"><div class=\"w-separator size_custom\" style=\"height:20px\"><\/div><nav class=\"g-breadcrumbs separator_custom align_none\" itemscope itemtype=\"http:\/\/schema.org\/BreadcrumbList\"><div class=\"g-breadcrumbs-item\" itemscope itemprop=\"itemListElement\" itemtype=\"http:\/\/schema.org\/ListItem\"><a itemprop=\"item\" href=\"https:\/\/www.magnetiqtechnologies.com\/de\/\"><span itemprop=\"name\">Start<\/span><\/a><meta itemprop=\"position\" content=\"1\"\/><\/div><div class=\"g-breadcrumbs-item\">Seiten<\/div><\/nav><div class=\"w-separator size_custom\" style=\"height:20px\"><\/div><\/div><\/div><\/div><\/div><\/section><section class=\"l-section wpb_row height_medium\"><div class=\"l-section-h i-cf\"><div class=\"g-cols vc_row via_grid cols_2 laptops-cols_inherit tablets-cols_inherit mobiles-cols_1 valign_top type_default stacking_default\"><div class=\"wpb_column vc_column_container\"><div class=\"vc_column-inner\"><div class=\"w-separator size_medium\"><\/div><div class=\"wpb_text_column\"><div class=\"wpb_wrapper\"><h1>European NdFeB Magnets &amp; Magnet Recycling Solutions<\/h1>\n<\/div><\/div><\/div><\/div><div class=\"wpb_column vc_column_container\"><div class=\"vc_column-inner\"><div class=\"w-separator size_small\"><\/div><div class=\"wpb_text_column\"><div class=\"wpb_wrapper\"><p data-start=\"675\" data-end=\"770\">MagnetIQ Technogolies combines magnet supply and material recovery into one integrated solution.<\/p>\n<p data-start=\"772\" data-end=\"986\">Permanent magnet scrap and end-of-life components can be reintroduced into the supply chain, while at the same time, high-performance NdFeB magnets produced in Europe are made available for industrial applications.<\/p>\n<p data-start=\"988\" data-end=\"1153\">Depending on your situation, this creates different entry points. Whether you are sourcing magnets, managing material streams, or exploring recycling possibilities.<\/p>\n<\/div><\/div><\/div><\/div><\/div><\/div><\/section><section class=\"l-section wpb_row height_auto\"><div class=\"l-section-h i-cf\"><div class=\"g-cols vc_row via_grid cols_1 laptops-cols_inherit tablets-cols_inherit mobiles-cols_1 valign_top type_default stacking_default\"><div class=\"wpb_column vc_column_container\"><div class=\"vc_column-inner\"><div class=\"w-separator us_custom_2cc16421 size_custom\" style=\"height:2px\"><\/div><div class=\"w-separator size_medium\"><\/div><\/div><\/div><\/div><\/div><\/section><section class=\"l-section wpb_row us_custom_610d0369 height_auto\"><div class=\"l-section-h i-cf\"><div class=\"g-cols vc_row via_grid cols_3 laptops-cols_inherit tablets-cols_inherit mobiles-cols_1 valign_top type_default stacking_default\"><div class=\"wpb_column vc_column_container us_custom_5c7b97dd has_bg_color\"><div class=\"vc_column-inner\"><div class=\"w-separator size_medium\"><\/div><div class=\"w-iconbox iconpos_top style_default color_primary align_center no_text no_title\"><a href=\"https:\/\/www.magnetiqtechnologies.com\/de\/how-to-recycle-magnets\/\" class=\"w-iconbox-link\" aria-label=\"fas|recycle\"><div class=\"w-iconbox-icon\" style=\"font-size:5rem;\"><i class=\"fas fa-recycle\"><\/i><\/div><\/a><div class=\"w-iconbox-meta\"><\/div><\/div><div class=\"w-separator size_medium\"><\/div><div class=\"wpb_text_column\"><div class=\"wpb_wrapper\"><h2 style=\"text-align: center;\" data-section-id=\"14l3guu\" data-start=\"1194\" data-end=\"1216\">Magnet Recycling Point<\/h2>\n<\/div><\/div><div class=\"w-separator size_small\"><\/div><div class=\"wpb_text_column\"><div class=\"wpb_wrapper\"><p style=\"text-align: center;\" data-start=\"1258\" data-end=\"1388\">A collection point for companies regularly face leftover magnets, enabling recovery and reuse of valuable materials.<\/p>\n<\/div><\/div><div class=\"w-separator size_medium\"><\/div><div class=\"w-btn-wrapper align_center\"><a class=\"w-btn us-btn-style_1\" href=\"https:\/\/www.magnetiqtechnologies.com\/de\/how-to-recycle-magnets\/\"><span class=\"w-btn-label\">read more<\/span><\/a><\/div><\/div><\/div><div class=\"wpb_column vc_column_container us_custom_a7e8645e\"><div class=\"vc_column-inner\"><div class=\"w-separator size_medium\"><\/div><div class=\"w-iconbox iconpos_top style_default color_primary align_center no_text no_title\"><a href=\"https:\/\/www.magnetiqtechnologies.com\/de\/european-ndfeb-magnets\/\" class=\"w-iconbox-link\" aria-label=\"fas|globe-europe\"><div class=\"w-iconbox-icon\" style=\"font-size:5rem;\"><i class=\"fas fa-globe-europe\"><\/i><\/div><\/a><div class=\"w-iconbox-meta\"><\/div><\/div><div class=\"w-separator size_medium\"><\/div><div class=\"wpb_text_column\"><div class=\"wpb_wrapper\"><h2 style=\"text-align: center;\" data-section-id=\"14l3guu\" data-start=\"1194\" data-end=\"1216\">Europ\u00e4ische NdFeB-Magnete<\/h2>\n<\/div><\/div><div class=\"w-separator size_small\"><\/div><div class=\"wpb_text_column\"><div class=\"wpb_wrapper\"><p style=\"text-align: center;\" data-start=\"1573\" data-end=\"1671\">High-performance NdFeB magnets produced in Europe using recycled rare earth materials, without compromising on magnetic performance.<\/p>\n<\/div><\/div><div class=\"w-separator size_medium\"><\/div><div class=\"w-btn-wrapper align_center\"><a class=\"w-btn us-btn-style_3\" href=\"https:\/\/www.magnetiqtechnologies.com\/de\/european-ndfeb-magnets\/\"><span class=\"w-btn-label\">read more<\/span><\/a><\/div><\/div><\/div><div class=\"wpb_column vc_column_container us_custom_917a8fc2 has_bg_color\"><div class=\"vc_column-inner\"><div class=\"w-separator size_medium\"><\/div><div class=\"w-iconbox iconpos_top style_default color_primary align_center no_text no_title\"><a href=\"https:\/\/www.magnetiqtechnologies.com\/de\/recycling-neodym-magneten\/\" class=\"w-iconbox-link\" aria-label=\"fas|tachometer-fastest\"><div class=\"w-iconbox-icon\" style=\"font-size:5rem;\"><i class=\"fas fa-tachometer-fastest\"><\/i><\/div><\/a><div class=\"w-iconbox-meta\"><\/div><\/div><div class=\"w-separator size_medium\"><\/div><div class=\"wpb_text_column\"><div class=\"wpb_wrapper\"><h2 style=\"text-align: center;\" data-section-id=\"q3wv0a\" data-start=\"1779\" data-end=\"1805\">How Magnet Recycling Works<\/h2>\n<\/div><\/div><div class=\"w-separator size_small\"><\/div><div class=\"wpb_text_column\"><div class=\"wpb_wrapper\"><p style=\"text-align: center;\" data-start=\"1844\" data-end=\"1973\">Learn how recovered magnetic material is converted into new magnets through a controlled production route.<\/p>\n<\/div><\/div><div class=\"w-separator size_medium\"><\/div><div class=\"w-btn-wrapper align_center\"><a class=\"w-btn us-btn-style_1\" href=\"https:\/\/www.magnetiqtechnologies.com\/de\/recycling-neodym-magneten\/\"><span class=\"w-btn-label\">read more<\/span><\/a><\/div><\/div><\/div><\/div><\/div><\/section><section class=\"l-section wpb_row height_auto\"><div class=\"l-section-h i-cf\"><div class=\"g-cols vc_row via_grid cols_1 laptops-cols_inherit tablets-cols_inherit mobiles-cols_1 valign_top type_default stacking_default\"><div class=\"wpb_column vc_column_container\"><div class=\"vc_column-inner\"><div class=\"w-separator us_custom_2cc16421 size_custom\" style=\"height:2px\"><\/div><div class=\"w-separator size_medium\"><\/div><\/div><\/div><\/div><\/div><\/section><section class=\"l-section wpb_row us_custom_610d0369 height_auto\"><div class=\"l-section-h i-cf\"><div class=\"g-cols vc_row via_grid cols_1-3 laptops-cols_inherit tablets-cols_inherit mobiles-cols_1 valign_top type_default stacking_default\"><div class=\"wpb_column vc_column_container\"><div class=\"vc_column-inner\"><\/div><\/div><div class=\"wpb_column vc_column_container\"><div class=\"vc_column-inner\"><div class=\"wpb_text_column\"><div class=\"wpb_wrapper\"><h2 data-section-id=\"agq1jf\" data-start=\"256\" data-end=\"291\">Your Partner in Magnet Recycling<\/h2>\n<\/div><\/div><div class=\"w-separator size_small\"><\/div><div class=\"wpb_text_column\"><div class=\"wpb_wrapper\"><p data-start=\"293\" data-end=\"388\">At MagnetIQ Technologies, we support businesses at every stage of the magnet recycling journey.<\/p>\n<p data-start=\"390\" data-end=\"635\">Whether you are looking for a reliable place to recycle your magnets, need expert guidance on the possibilities of recovering valuable materials, or want to source high-quality European magnets made from recycled materials \u2014 we are here to help.<\/p>\n<p data-start=\"637\" data-end=\"729\">Our solutions are designed to make magnet recycling practical, efficient and future-focused. We offer:<\/p>\n<p data-start=\"742\" data-end=\"879\"><a href=\"https:\/\/www.magnetiqtechnologies.com\/de\/how-to-recycle-magnets\/\"><strong data-start=\"742\" data-end=\"763\">A Recycling Point<\/strong><\/a><br data-start=\"763\" data-end=\"766\" \/>A simple and reliable solution for companies to dispose of or recycle magnets and magnetic materials responsibly.<\/p>\n<p data-start=\"881\" data-end=\"1076\"><a href=\"https:\/\/www.magnetiqtechnologies.com\/de\/recycling-neodym-magneten\/\"><strong data-start=\"881\" data-end=\"912\">Expert Knowledge &amp; Guidance<\/strong><\/a><br data-start=\"912\" data-end=\"915\" \/>With experience in magnet technology and recycling processes, we help businesses understand the best route for their materials and sustainability goals.<\/p>\n<p data-start=\"1078\" data-end=\"1288\"><a href=\"https:\/\/www.magnetiqtechnologies.com\/de\/european-ndfeb-magnets\/\"><strong data-start=\"1078\" data-end=\"1121\">European Magnets from Recycled Material<\/strong><\/a><br data-start=\"1121\" data-end=\"1124\" \/>We supply NdFeB magnets produced in Europe using recycled rare earth materials, helping reduce environmental impact and strengthen local supply chains.<\/p>\n<\/div><\/div><\/div><\/div><\/div><\/div><\/section><section class=\"l-section wpb_row us_custom_610d0369 height_auto\"><div class=\"l-section-h i-cf\"><div class=\"g-cols vc_row via_grid cols_2 laptops-cols_inherit tablets-cols_inherit mobiles-cols_1 valign_top type_default stacking_default\"><div class=\"wpb_column vc_column_container\"><div class=\"vc_column-inner\"><div class=\"w-image align_none\"><div class=\"w-image-h\"><img decoding=\"async\" width=\"1000\" height=\"1000\" src=\"https:\/\/www.magnetiqtechnologies.com\/wp-content\/uploads\/2026\/04\/Recycling-Magnets-eu-ndfeb2.jpg\" class=\"attachment-large size-large\" alt=\"\" loading=\"lazy\" srcset=\"https:\/\/www.magnetiqtechnologies.com\/wp-content\/uploads\/2026\/04\/Recycling-Magnets-eu-ndfeb2.jpg 1000w, https:\/\/www.magnetiqtechnologies.com\/wp-content\/uploads\/2026\/04\/Recycling-Magnets-eu-ndfeb2-300x300.jpg 300w, https:\/\/www.magnetiqtechnologies.com\/wp-content\/uploads\/2026\/04\/Recycling-Magnets-eu-ndfeb2-150x150.jpg 150w, https:\/\/www.magnetiqtechnologies.com\/wp-content\/uploads\/2026\/04\/Recycling-Magnets-eu-ndfeb2-12x12.jpg 12w\" sizes=\"auto, (max-width: 1000px) 100vw, 1000px\" \/><\/div><\/div><\/div><\/div><div class=\"wpb_column vc_column_container us_custom_a7e8645e\"><div class=\"vc_column-inner\"><div class=\"w-separator size_medium\"><\/div><div class=\"wpb_text_column\"><div class=\"wpb_wrapper\"><h2 style=\"text-align: left;\" data-section-id=\"14l3guu\" data-start=\"1194\" data-end=\"1216\">Why magnet recycling matters and why MagnetIQ is involved<\/h2>\n<\/div><\/div><div class=\"w-separator size_small\"><\/div><div class=\"wpb_text_column\"><div class=\"wpb_wrapper\"><p data-start=\"440\" data-end=\"822\">The demand for rare earth materials is increasing rapidly. At the same time, global supply chains are under pressure from geopolitical risks, stricter environmental regulations and increasing sustainability requirements from customers and suppliers.<\/p>\n<p data-start=\"824\" data-end=\"1062\">By recycling permanent magnets, valuable rare earth materials can be recovered and reintroduced into the supply chain. This reduces dependency on mining, lowers environmental impact and helps create a more resilient and circular industry.<\/p>\n<p data-start=\"1064\" data-end=\"1364\">At MagnetIQ Technologies, we believe magnet recycling is not just an environmental choice, it is a strategic step toward future-proofing your business. We help companies understand the possibilities of recycled materials, navigate changing regulations and build more sustainable sourcing strategies.<\/p>\n<p data-start=\"1366\" data-end=\"1449\">Together, we move toward a stronger, greener and more secure magnetic supply chain.<\/p>\n<\/div><\/div><\/div><\/div><\/div><\/div><\/section><section class=\"l-section wpb_row height_auto\"><div class=\"l-section-h i-cf\"><div class=\"g-cols vc_row via_grid cols_1 laptops-cols_inherit tablets-cols_inherit mobiles-cols_1 valign_top type_default stacking_default\"><div class=\"wpb_column vc_column_container\"><div class=\"vc_column-inner\"><section class=\"l-section wpb_row height_medium width_full\"><div class=\"l-section-overlay\" style=\"background:var(--color-lightbluegray-custom)\"><\/div><div class=\"l-section-h i-cf\"><div class=\"g-cols vc_row via_grid cols_1 laptops-cols_inherit tablets-cols_inherit mobiles-cols_1 valign_top type_default stacking_default\"><div class=\"wpb_column vc_column_container us_custom_54d36dc2\"><div class=\"vc_column-inner\"><h4 class=\"w-text us_custom_a3847353\"><span class=\"w-text-h\"><span class=\"w-text-value\">Unser Support-Team<\/span><\/span><\/h4><div class=\"w-separator size_medium\"><\/div><div class=\"g-cols wpb_row via_grid cols_3 laptops-cols_inherit tablets-cols_inherit mobiles-cols_1 valign_top type_default stacking_default\" style=\"--columns-gap:3rem;\"><div class=\"wpb_column vc_column_container\"><div class=\"vc_column-inner\"><div class=\"w-image align_none\"><div class=\"w-image-h\"><img decoding=\"async\" width=\"1043\" height=\"805\" src=\"https:\/\/www.magnetiqtechnologies.com\/wp-content\/uploads\/2025\/12\/Albert-Slot-Magnetiq-Technologies-Europe.jpg\" class=\"attachment-full size-full\" alt=\"\" loading=\"lazy\" srcset=\"https:\/\/www.magnetiqtechnologies.com\/wp-content\/uploads\/2025\/12\/Albert-Slot-Magnetiq-Technologies-Europe.jpg 1043w, https:\/\/www.magnetiqtechnologies.com\/wp-content\/uploads\/2025\/12\/Albert-Slot-Magnetiq-Technologies-Europe-300x232.jpg 300w, https:\/\/www.magnetiqtechnologies.com\/wp-content\/uploads\/2025\/12\/Albert-Slot-Magnetiq-Technologies-Europe-1024x790.jpg 1024w, https:\/\/www.magnetiqtechnologies.com\/wp-content\/uploads\/2025\/12\/Albert-Slot-Magnetiq-Technologies-Europe-16x12.jpg 16w\" sizes=\"auto, (max-width: 1043px) 100vw, 1043px\" \/><\/div><\/div><div class=\"w-separator size_medium\"><\/div><h3 class=\"w-text\"><span class=\"w-text-h\"><span class=\"w-text-value\">Albert Slot<\/span><\/span><\/h3><div class=\"wpb_text_column us_custom_0d9e4816 has_text_color\"><div class=\"wpb_wrapper\"><div class=\"wpb_column vc_column_container\" data-usbid=\"vc_column_inner:1\">\n<div class=\"vc_column-inner\">\n<div class=\"wpb_text_column usb_custom_j31f has_text_color\" data-usbid=\"vc_column_text:7\">\n<div class=\"wpb_wrapper\">\n<p>Gesch\u00e4ftsf\u00fchrender Direktor<\/p>\n<\/div>\n<\/div>\n<\/div>\n<\/div>\n<div class=\"wpb_column vc_column_container\" data-usbid=\"vc_column_inner:2\"><\/div>\n<\/div><\/div><\/div><\/div><div class=\"wpb_column vc_column_container\"><div class=\"vc_column-inner\"><div class=\"w-image align_none\"><div class=\"w-image-h\"><img decoding=\"async\" width=\"1043\" height=\"805\" src=\"https:\/\/www.magnetiqtechnologies.com\/wp-content\/uploads\/2025\/12\/Maarten-de-Bekker-Magnetiq-Technologies.jpg\" class=\"attachment-full size-full\" alt=\"\" loading=\"lazy\" srcset=\"https:\/\/www.magnetiqtechnologies.com\/wp-content\/uploads\/2025\/12\/Maarten-de-Bekker-Magnetiq-Technologies.jpg 1043w, https:\/\/www.magnetiqtechnologies.com\/wp-content\/uploads\/2025\/12\/Maarten-de-Bekker-Magnetiq-Technologies-300x232.jpg 300w, https:\/\/www.magnetiqtechnologies.com\/wp-content\/uploads\/2025\/12\/Maarten-de-Bekker-Magnetiq-Technologies-1024x790.jpg 1024w, https:\/\/www.magnetiqtechnologies.com\/wp-content\/uploads\/2025\/12\/Maarten-de-Bekker-Magnetiq-Technologies-16x12.jpg 16w\" sizes=\"auto, (max-width: 1043px) 100vw, 1043px\" \/><\/div><\/div><div class=\"w-separator size_medium\"><\/div><h3 class=\"w-text\"><span class=\"w-text-h\"><span class=\"w-text-value\">Maarten de Bekker<\/span><\/span><\/h3><div class=\"wpb_text_column us_custom_0d9e4816 has_text_color\"><div class=\"wpb_wrapper\"><div class=\"wpb_column vc_column_container\" data-usbid=\"vc_column_inner:2\">\n<div class=\"vc_column-inner\">\n<div class=\"wpb_text_column usb_custom_yaa8 has_text_color\" data-usbid=\"vc_column_text:9\">\n<div class=\"wpb_wrapper\">\n<p>Direktor Business &amp; Entwicklung<\/p>\n<\/div>\n<\/div>\n<\/div>\n<\/div>\n<div class=\"wpb_column vc_column_container\" data-usbid=\"vc_column_inner:3\"><\/div>\n<\/div><\/div><\/div><\/div><div class=\"wpb_column vc_column_container\"><div class=\"vc_column-inner\"><div class=\"w-image align_none\"><div class=\"w-image-h\"><img decoding=\"async\" width=\"1043\" height=\"805\" src=\"https:\/\/www.magnetiqtechnologies.com\/wp-content\/uploads\/2025\/12\/Priscilla-Magnetiq-Technologies-Europe.jpg\" class=\"attachment-full size-full\" alt=\"\" loading=\"lazy\" srcset=\"https:\/\/www.magnetiqtechnologies.com\/wp-content\/uploads\/2025\/12\/Priscilla-Magnetiq-Technologies-Europe.jpg 1043w, https:\/\/www.magnetiqtechnologies.com\/wp-content\/uploads\/2025\/12\/Priscilla-Magnetiq-Technologies-Europe-300x232.jpg 300w, https:\/\/www.magnetiqtechnologies.com\/wp-content\/uploads\/2025\/12\/Priscilla-Magnetiq-Technologies-Europe-1024x790.jpg 1024w, https:\/\/www.magnetiqtechnologies.com\/wp-content\/uploads\/2025\/12\/Priscilla-Magnetiq-Technologies-Europe-16x12.jpg 16w\" sizes=\"auto, (max-width: 1043px) 100vw, 1043px\" \/><\/div><\/div><div class=\"w-separator size_medium\"><\/div><h3 class=\"w-text\"><span class=\"w-text-h\"><span class=\"w-text-value\">Priscilla van der Kleij<\/span><\/span><\/h3><div class=\"wpb_text_column us_custom_0d9e4816 has_text_color\"><div class=\"wpb_wrapper\"><div class=\"wpb_column vc_column_container\" data-usbid=\"vc_column_inner:2\">\n<div class=\"vc_column-inner\">\n<div class=\"wpb_text_column usb_custom_yaa8 has_text_color\" data-usbid=\"vc_column_text:9\">\n<div class=\"wpb_wrapper\">\n<p>Spezialist f\u00fcr Gesch\u00e4ftsentwicklung<\/p>\n<\/div>\n<\/div>\n<\/div>\n<\/div>\n<div class=\"wpb_column vc_column_container\" data-usbid=\"vc_column_inner:3\"><\/div>\n<\/div><\/div><\/div><\/div><\/div><div class=\"w-separator size_huge\"><\/div><div class=\"g-cols wpb_row via_grid cols_2 laptops-cols_inherit tablets-cols_inherit mobiles-cols_1 valign_top type_default stacking_default\" style=\"--columns-gap:3rem;\"><div class=\"wpb_column vc_column_container\"><div class=\"vc_column-inner\"><h4 class=\"w-text us_custom_a25df6d4\"><span class=\"w-text-h\"><span class=\"w-text-value\">Nehmen Sie Kontakt mit unserem Team auf<\/span><\/span><\/h4><div class=\"wpb_text_column\"><div class=\"wpb_wrapper\"><p>Ob Sie ein Angebot w\u00fcnschen, Fragen zu unseren Dienstleistungen haben oder herausfinden m\u00f6chten, wie wir Sie unterst\u00fctzen k\u00f6nnen - f\u00fcllen Sie einfach unser Kontaktformular aus. Wir werden uns innerhalb von 24 Stunden bei Ihnen melden.<\/p>\n<\/div><\/div><\/div><\/div><div class=\"wpb_column vc_column_container\"><div class=\"vc_column-inner\"><div class=\"wpb_text_column\"><div class=\"wpb_wrapper\">\n\t\t\t\t\t\t<script>\n\t\t\t\t\t\t\twindow.hsFormsOnReady = window.hsFormsOnReady || [];\n\t\t\t\t\t\t\twindow.hsFormsOnReady.push(()=>{\n\t\t\t\t\t\t\t\thbspt.forms.create({\n\t\t\t\t\t\t\t\t\tportalId: 146721309,\n\t\t\t\t\t\t\t\t\tformId: \"6715b846-83b5-4960-a5f5-8aee376f8c3b\",\n\t\t\t\t\t\t\t\t\ttarget: \"#hbspt-form-1777391488000-6799956903\",\n\t\t\t\t\t\t\t\t\tregion: \"eu1\",\n\t\t\t\t\t\t\t\t\t\n\t\t\t\t\t\t\t})});\n\t\t\t\t\t\t<\/script>\n\t\t\t\t\t\t<div class=\"hbspt-form\" id=\"hbspt-form-1777391488000-6799956903\"><\/div>\n<\/div><\/div><\/div><\/div><\/div><div class=\"w-separator size_medium\"><\/div><\/div><\/div><\/div><\/div><\/section>\n<\/div><\/div><\/div><\/div><\/section>","protected":false},"excerpt":{"rendered":"StartSeitenEuropean NdFeB Magnets &amp; Magnet Recycling Solutions MagnetIQ Technogolies combines magnet supply and material recovery into one integrated solution. Permanent magnet scrap and end-of-life components can be reintroduced into the supply chain, while at the same time, high-performance NdFeB magnets produced in Europe are made available for industrial applications. Depending on your situation, this creates...","protected":false},"author":1,"featured_media":0,"parent":0,"menu_order":0,"comment_status":"closed","ping_status":"closed","template":"","meta":{"_seopress_robots_primary_cat":"","_seopress_titles_title":"","_seopress_titles_desc":"","_seopress_robots_index":"","content-type":"","footnotes":""},"class_list":["post-1464","page","type-page","status-publish","hentry"],"_links":{"self":[{"href":"https:\/\/www.magnetiqtechnologies.com\/de\/wp-json\/wp\/v2\/pages\/1464","targetHints":{"allow":["GET"]}}],"collection":[{"href":"https:\/\/www.magnetiqtechnologies.com\/de\/wp-json\/wp\/v2\/pages"}],"about":[{"href":"https:\/\/www.magnetiqtechnologies.com\/de\/wp-json\/wp\/v2\/types\/page"}],"author":[{"embeddable":true,"href":"https:\/\/www.magnetiqtechnologies.com\/de\/wp-json\/wp\/v2\/users\/1"}],"replies":[{"embeddable":true,"href":"https:\/\/www.magnetiqtechnologies.com\/de\/wp-json\/wp\/v2\/comments?post=1464"}],"version-history":[{"count":10,"href":"https:\/\/www.magnetiqtechnologies.com\/de\/wp-json\/wp\/v2\/pages\/1464\/revisions"}],"predecessor-version":[{"id":1486,"href":"https:\/\/www.magnetiqtechnologies.com\/de\/wp-json\/wp\/v2\/pages\/1464\/revisions\/1486"}],"wp:attachment":[{"href":"https:\/\/www.magnetiqtechnologies.com\/de\/wp-json\/wp\/v2\/media?parent=1464"}],"curies":[{"name":"wp","href":"https:\/\/api.w.org\/{rel}","templated":true}]}}