{"id":18,"date":"2025-07-03T10:06:16","date_gmt":"2025-07-03T08:06:16","guid":{"rendered":"https:\/\/magnet.questo.nl\/?page_id=18"},"modified":"2026-02-11T11:04:59","modified_gmt":"2026-02-11T09:04:59","slug":"baugruppen","status":"publish","type":"page","link":"https:\/\/www.magnetiqtechnologies.com\/de\/assemblies\/","title":{"rendered":"Baugruppen"},"content":{"rendered":"<section class=\"l-section wpb_row hide_on_tablets hide_on_mobiles height_auto\"><div class=\"l-section-h i-cf\"><div class=\"g-cols vc_row via_grid cols_1 laptops-cols_inherit tablets-cols_inherit mobiles-cols_1 valign_top type_default stacking_default\"><div class=\"wpb_column vc_column_container\"><div class=\"vc_column-inner\"><div class=\"w-separator size_custom\" style=\"height:20px\"><\/div><nav class=\"g-breadcrumbs separator_icon align_none\" itemscope itemtype=\"http:\/\/schema.org\/BreadcrumbList\"><div class=\"g-breadcrumbs-item\" itemscope itemprop=\"itemListElement\" itemtype=\"http:\/\/schema.org\/ListItem\"><a itemprop=\"item\" href=\"https:\/\/www.magnetiqtechnologies.com\/de\/\"><span itemprop=\"name\">Start<\/span><\/a><meta itemprop=\"position\" content=\"1\"\/><\/div><div class=\"g-breadcrumbs-separator\"><i class=\"far fa-angle-right\"><\/i><\/div><div class=\"g-breadcrumbs-item\">Seiten<\/div><\/nav><div class=\"w-separator size_custom\" style=\"height:20px\"><\/div><\/div><\/div><\/div><\/div><\/section><section class=\"l-section wpb_row height_auto\"><div class=\"l-section-overlay\" style=\"background:var(--color-lightbluegray-custom)\"><\/div><div class=\"l-section-h i-cf\"><div class=\"g-cols vc_row via_grid cols_1 laptops-cols_inherit tablets-cols_inherit mobiles-cols_1 valign_top type_default stacking_default\"><div class=\"wpb_column vc_column_container\"><div class=\"vc_column-inner\"><div class=\"w-image align_none\"><div class=\"w-image-h\"><img decoding=\"async\" width=\"1400\" height=\"500\" src=\"https:\/\/www.magnetiqtechnologies.com\/wp-content\/uploads\/2026\/01\/Magnetic-Assemblies-europe.jpg\" class=\"attachment-full size-full\" alt=\"\" loading=\"lazy\" srcset=\"https:\/\/www.magnetiqtechnologies.com\/wp-content\/uploads\/2026\/01\/Magnetic-Assemblies-europe.jpg 1400w, https:\/\/www.magnetiqtechnologies.com\/wp-content\/uploads\/2026\/01\/Magnetic-Assemblies-europe-300x107.jpg 300w, https:\/\/www.magnetiqtechnologies.com\/wp-content\/uploads\/2026\/01\/Magnetic-Assemblies-europe-1024x366.jpg 1024w, https:\/\/www.magnetiqtechnologies.com\/wp-content\/uploads\/2026\/01\/Magnetic-Assemblies-europe-18x6.jpg 18w\" sizes=\"auto, (max-width: 1400px) 100vw, 1400px\" \/><\/div><\/div><\/div><\/div><\/div><\/div><\/section><section class=\"l-section wpb_row height_medium\"><div class=\"l-section-overlay\" style=\"background:var(--color-lightbluegray-custom)\"><\/div><div class=\"l-section-h i-cf\"><div class=\"g-cols vc_row via_grid cols_2 laptops-cols_inherit tablets-cols_inherit mobiles-cols_1 valign_top type_default stacking_default\"><div class=\"wpb_column vc_column_container\"><div class=\"vc_column-inner\"><h1 class=\"w-text us_custom_54456bbe\"><span class=\"w-text-h\"><span class=\"w-text-value\">Magnetische Baugruppen<\/span><\/span><\/h1><\/div><\/div><div class=\"wpb_column vc_column_container us_custom_a5ef9130\"><div class=\"vc_column-inner\"><div class=\"wpb_text_column\"><div class=\"wpb_wrapper\"><p>Als f\u00fchrender Hersteller magnetischer Baugruppen entwirft und produziert MagnetIQ leistungsstarke magnetische Baugruppen, die Dauermagnete mit mechanischen, elektronischen und polymeren Komponenten integrieren. Diese Baugruppen sind so konstruiert, dass sie funktionale magnetische Leistung liefern - in Anwendungen, die von Hochgeschwindigkeitsmotoren \u00fcber Halbach-Arrays bis hin zu kompakten Sensormodulen reichen. Durch die Lieferung kompletter und qualifizierter Baugruppen helfen wir unseren Kunden, Integrationsrisiken zu verringern, die Zuverl\u00e4ssigkeit zu verbessern und die Markteinf\u00fchrungszeit zu verk\u00fcrzen.<\/p>\n<\/div><\/div><\/div><\/div><\/div><\/div><\/section><section class=\"l-section wpb_row height_medium\"><div class=\"l-section-h i-cf\"><div class=\"g-cols vc_row via_grid cols_1-2 laptops-cols_inherit tablets-cols_inherit mobiles-cols_1 valign_top type_default stacking_default\"><div class=\"wpb_column vc_column_container\"><div class=\"vc_column-inner\"><\/div><\/div><div class=\"wpb_column vc_column_container us_custom_6e74c4b0\"><div class=\"vc_column-inner\"><h2 class=\"w-text\"><span class=\"w-text-h\"><span class=\"w-text-value\">Was ist eine magnetische Baugruppe?<\/span><\/span><\/h2><div class=\"wpb_text_column us_custom_6e74c4b0\"><div class=\"wpb_wrapper\"><p>Eine magnetische Baugruppe ist ein pr\u00e4zisionsgefertigtes Bauteil, das Permanentmagnete mit mechanischen, elektronischen oder polymeren Strukturen kombiniert, um eine bestimmte magnetische Funktion zu erf\u00fcllen.<br \/>\nDiese Baugruppen dienen der Steuerung, Verst\u00e4rkung oder Lenkung magnetischer Kr\u00e4fte und werden in einer Vielzahl von Branchen eingesetzt, z. B. im Automobilbau, in der Luft- und Raumfahrt, in der Industrieautomation und in medizinischen Ger\u00e4ten.<\/p>\n<\/div><\/div><div class=\"w-separator size_small\"><\/div><h2 class=\"w-text\"><span class=\"w-text-h\"><span class=\"w-text-value\">Welche Integrationsprobleme lassen sich mit magnetischen Baugruppen l\u00f6sen?<\/span><\/span><\/h2><div class=\"wpb_text_column us_custom_6e74c4b0\"><div class=\"wpb_wrapper\"><p>Magnetische Baugruppen sind die L\u00f6sung f\u00fcr zahlreiche Integrationsprobleme wie mechanische Ausrichtung, W\u00e4rmeausdehnung, Korrosionsschutz und elektromagnetische Vertr\u00e4glichkeit. Durch die Kombination von Magneten mit strukturellen oder elektronischen Komponenten in einem kontrollierten Prozess, reduzieren Baugruppen die Anzahl der Teile, vereinfachen die Montage und beseitigen Probleme wie Fehlausrichtung oder uneinheitliche Magnetkraft. Dies f\u00fchrt zu einer schnelleren Systemintegration, weniger Feldausf\u00e4llen und einer einfacheren Einhaltung von Qualit\u00e4tsstandards.<\/p>\n<\/div><\/div><div class=\"w-separator size_small\"><\/div><h2 class=\"w-text\"><span class=\"w-text-h\"><span class=\"w-text-value\">Warum magnetische Baugruppen anstelle von losen Magneten verwenden?<\/span><\/span><\/h2><div class=\"wpb_text_column us_custom_6e74c4b0\"><div class=\"wpb_wrapper\"><p>Die Verwendung kompletter Magnetbaugruppen eliminiert die Risiken und Unstimmigkeiten, die mit der Handhabung und Installation einzelner Magnete verbunden sind. Lose Magnete k\u00f6nnen sich verschieben, entmagnetisieren oder bei mechanischer Beanspruchung versagen. Im Gegensatz dazu gew\u00e4hrleistet eine vorgefertigte Baugruppe die korrekte Positionierung, Verklebung und sch\u00fctzende Verkapselung und sorgt so f\u00fcr ein vorhersehbares magnetisches Verhalten, eine sicherere Handhabung und eine bessere Langzeitleistung.<\/p>\n<\/div><\/div><div class=\"w-separator size_small\"><\/div><h2 class=\"w-text\"><span class=\"w-text-h\"><span class=\"w-text-value\">Warum sollten Sie sich f\u00fcr vormontierte magnetische L\u00f6sungen entscheiden?<\/span><\/span><\/h2><div class=\"wpb_text_column\"><div class=\"wpb_wrapper\"><p>Die Entwicklung und Herstellung magnetischer Baugruppen im eigenen Haus kann komplex, zeitaufw\u00e4ndig und potenziell unsicher sein. Die starken Kr\u00e4fte zwischen den Magneten machen die manuelle Handhabung, Ausrichtung und Verklebung zu einer technischen Herausforderung. Vormontierte Magnetmodule von MagnetIQ eliminieren diese Risiken.<br \/>\nJedes Ger\u00e4t wird komplett montiert, getestet und integrationsbereit geliefert:<\/p>\n<ul>\n<li>Sicherere und effizientere Arbeitsabl\u00e4ufe<\/li>\n<li>Modularer Systemaufbau<\/li>\n<li>Vorhersehbare magnetische und mechanische Leistung<\/li>\n<\/ul>\n<\/div><\/div><\/div><\/div><\/div><\/div><\/section><section class=\"l-section wpb_row height_large\"><div class=\"l-section-overlay\" style=\"background:var(--color-lightbluegray-custom)\"><\/div><div class=\"l-section-h i-cf\"><div class=\"g-cols vc_row via_grid cols_2 laptops-cols_inherit tablets-cols_inherit mobiles-cols_1 valign_top type_default stacking_default\"><div class=\"wpb_column vc_column_container\"><div class=\"vc_column-inner\"><div class=\"w-image align_none\"><div class=\"w-image-h\"><img decoding=\"async\" width=\"1000\" height=\"1000\" src=\"https:\/\/www.magnetiqtechnologies.com\/wp-content\/uploads\/2026\/01\/Magnetic-Assemblies-products-eu.jpg\" class=\"attachment-large size-large\" alt=\"\" loading=\"lazy\" srcset=\"https:\/\/www.magnetiqtechnologies.com\/wp-content\/uploads\/2026\/01\/Magnetic-Assemblies-products-eu.jpg 1000w, https:\/\/www.magnetiqtechnologies.com\/wp-content\/uploads\/2026\/01\/Magnetic-Assemblies-products-eu-300x300.jpg 300w, https:\/\/www.magnetiqtechnologies.com\/wp-content\/uploads\/2026\/01\/Magnetic-Assemblies-products-eu-150x150.jpg 150w, https:\/\/www.magnetiqtechnologies.com\/wp-content\/uploads\/2026\/01\/Magnetic-Assemblies-products-eu-12x12.jpg 12w\" sizes=\"auto, (max-width: 1000px) 100vw, 1000px\" \/><\/div><\/div><\/div><\/div><div class=\"wpb_column vc_column_container us_custom_a5ef9130\"><div class=\"vc_column-inner\"><h2 class=\"w-text\"><span class=\"w-text-h\"><span class=\"w-text-value\">Arten der von uns hergestellten magnetischen Baugruppen<\/span><\/span><\/h2><div class=\"wpb_text_column us_custom_6e74c4b0\"><div class=\"wpb_wrapper\"><p>MagnetIQ unterst\u00fctzt eine Vielzahl von Branchen mit ma\u00dfgeschneiderten magnetischen Unterbaugruppen, unter anderem:<\/p>\n<ul>\n<li><strong>Rotorbaugruppen<\/strong> f\u00fcr Hochgeschwindigkeits- und Hochpr\u00e4zisionsmotoranwendungen, mit Bandagieren, Auswuchten und Nachschleifen<\/li>\n<li><strong>Lineare Magnetbaugruppen<\/strong> f\u00fcr Positioniersysteme und rohrf\u00f6rmige Stellantriebe<\/li>\n<li><strong>Kundenspezifische Baugruppen<\/strong> f\u00fcr Anwendungen im Bereich der erneuerbaren Energien (Wind, Wellen, Gezeiten) mit langfristigem Korrosionsschutz<\/li>\n<li><strong>Halbach-Arrays<\/strong> (internelink) optimiert f\u00fcr NMR, medizinische Bildgebung und hochempfindliche Sensorsysteme<\/li>\n<li><strong>Kompakte Baugruppen<\/strong> f\u00fcr Luft- und Raumfahrt, Automatisierung und medizinische Integration<\/li>\n<\/ul>\n<\/div><\/div><div class=\"w-separator size_small\"><\/div><\/div><\/div><\/div><\/div><\/section><section class=\"l-section wpb_row height_medium\"><div class=\"l-section-h i-cf\"><div class=\"g-cols vc_row via_grid cols_1-2 laptops-cols_inherit tablets-cols_inherit mobiles-cols_1 valign_top type_default stacking_default\"><div class=\"wpb_column vc_column_container\"><div class=\"vc_column-inner\"><\/div><\/div><div class=\"wpb_column vc_column_container us_custom_6e74c4b0\"><div class=\"vc_column-inner\"><h2 class=\"w-text\"><span class=\"w-text-h\"><span class=\"w-text-value\">Vom Entwurf bis zur Qualifizierung<\/span><\/span><\/h2><div class=\"wpb_text_column us_custom_6e74c4b0\"><div class=\"wpb_wrapper\"><p>Als vertikal integrierter Hersteller magnetischer Baugruppen unterst\u00fctzt MagnetIQ seine Kunden \u00fcber den gesamten Produktlebenszyklus hinweg:<\/p>\n<ul>\n<li>Co-Engineering-Unterst\u00fctzung auf der Grundlage von Kundenspezifikationen<\/li>\n<li>Finite-Elemente-Analyse (FEA) f\u00fcr magnetische, mechanische und thermische Leistung<\/li>\n<li>Materialauswahl und Optimierung der Verklebung<\/li>\n<li>Prototyping, Validierung und Feldversuche<\/li>\n<li>Skalierte Produktion mit vollst\u00e4ndiger R\u00fcckverfolgbarkeit<\/li>\n<\/ul>\n<\/div><\/div><div class=\"w-separator size_small\"><\/div><h2 class=\"w-text\"><span class=\"w-text-h\"><span class=\"w-text-value\">Warum MagnetIQ als Hersteller magnetischer Baugruppen w\u00e4hlen?<\/span><\/span><\/h2><div class=\"wpb_text_column us_custom_6e74c4b0\"><div class=\"wpb_wrapper\"><p>Um gleichbleibende Qualit\u00e4t und skalierbaren Output zu gew\u00e4hrleisten, betreibt MagnetIQ ein Universal Assembly Tooling System, das mit Robotern und Cobots ausgestattet ist. Diese fortschrittliche Plattform erm\u00f6glicht eine sichere, pr\u00e4zise und wiederholbare Montage selbst der komplexesten Magnetkonfigurationen.<\/p>\n<ul>\n<li>Experten f\u00fcr Magnetik, Mechanik und Fertigung<\/li>\n<li>Flexibel von der Einzelanfertigung bis zur Serienproduktion<\/li>\n<li>Reinraumeinrichtungen und fortschrittliche QS-Systeme<\/li>\n<li>Kurze Vorlaufzeiten und direkter technischer Kontakt<\/li>\n<li>Erfahrung in den Bereichen Antriebstechnik, Sensorik und Automatisierung<\/li>\n<\/ul>\n<\/div><\/div><\/div><\/div><\/div><\/div><\/section><section class=\"l-section wpb_row height_medium\"><div class=\"l-section-h i-cf\"><div class=\"g-cols vc_row via_grid cols_1 laptops-cols_inherit tablets-cols_inherit mobiles-cols_1 valign_top type_default stacking_default\"><div class=\"wpb_column vc_column_container\"><div class=\"vc_column-inner\"><section class=\"l-section wpb_row us_custom_54d36dc2 height_medium width_full color_alternate\"><div class=\"l-section-overlay\" style=\"background:var(--color-lightbluegray-custom)\"><\/div><div class=\"l-section-h i-cf\"><div class=\"g-cols vc_row via_grid cols_2 laptops-cols_inherit tablets-cols_inherit mobiles-cols_1 valign_top type_default stacking_default\" style=\"--columns-gap:calc(3rem + 3rem);\"><div class=\"wpb_column vc_column_container us_custom_0d2adaf3\"><div class=\"vc_column-inner\"><h4 class=\"w-text us_custom_745b0270\"><span class=\"w-text-h\"><span class=\"w-text-value\">Nehmen Sie Kontakt mit unserem Team auf<\/span><\/span><\/h4><div class=\"wpb_text_column\"><div class=\"wpb_wrapper\"><p>Ob Sie ein Angebot w\u00fcnschen, Fragen zu unseren Dienstleistungen haben oder herausfinden m\u00f6chten, wie wir Sie unterst\u00fctzen k\u00f6nnen - f\u00fcllen Sie einfach unser Kontaktformular aus. Wir werden uns innerhalb von 24 Stunden bei Ihnen melden.<\/p>\n<\/div><\/div><\/div><\/div><div class=\"wpb_column vc_column_container\"><div class=\"vc_column-inner\"><div class=\"wpb_text_column\"><div class=\"wpb_wrapper\">\n\t\t\t\t\t\t<script>\n\t\t\t\t\t\t\twindow.hsFormsOnReady = window.hsFormsOnReady || [];\n\t\t\t\t\t\t\twindow.hsFormsOnReady.push(()=>{\n\t\t\t\t\t\t\t\thbspt.forms.create({\n\t\t\t\t\t\t\t\t\tportalId: 146721309,\n\t\t\t\t\t\t\t\t\tformId: \"6715b846-83b5-4960-a5f5-8aee376f8c3b\",\n\t\t\t\t\t\t\t\t\ttarget: \"#hbspt-form-1777367619000-6784171686\",\n\t\t\t\t\t\t\t\t\tregion: \"eu1\",\n\t\t\t\t\t\t\t\t\t\n\t\t\t\t\t\t\t})});\n\t\t\t\t\t\t<\/script>\n\t\t\t\t\t\t<div class=\"hbspt-form\" id=\"hbspt-form-1777367619000-6784171686\"><\/div>\n<\/div><\/div><\/div><\/div><\/div><\/div><\/section>\n<\/div><\/div><\/div><\/div><\/section>","protected":false},"excerpt":{"rendered":"StartSeitenMagnetic AssembliesAs a leading magnetic assembly manufacturer, MagnetIQ designs and produces high-performance magnetic assemblies that integrate permanent magnets with mechanical, electronic, and polymer components. These assemblies are engineered to deliver functional magnetic performance \u2014 in applications ranging from high-speed motors, halbach arrays to compact sensor modules. By supplying complete and qualified assemblies, we help customers...","protected":false},"author":1,"featured_media":720,"parent":0,"menu_order":0,"comment_status":"closed","ping_status":"closed","template":"","meta":{"_seopress_robots_primary_cat":"","_seopress_titles_title":"","_seopress_titles_desc":"","_seopress_robots_index":"","content-type":"","footnotes":""},"class_list":["post-18","page","type-page","status-publish","has-post-thumbnail","hentry"],"_links":{"self":[{"href":"https:\/\/www.magnetiqtechnologies.com\/de\/wp-json\/wp\/v2\/pages\/18","targetHints":{"allow":["GET"]}}],"collection":[{"href":"https:\/\/www.magnetiqtechnologies.com\/de\/wp-json\/wp\/v2\/pages"}],"about":[{"href":"https:\/\/www.magnetiqtechnologies.com\/de\/wp-json\/wp\/v2\/types\/page"}],"author":[{"embeddable":true,"href":"https:\/\/www.magnetiqtechnologies.com\/de\/wp-json\/wp\/v2\/users\/1"}],"replies":[{"embeddable":true,"href":"https:\/\/www.magnetiqtechnologies.com\/de\/wp-json\/wp\/v2\/comments?post=18"}],"version-history":[{"count":4,"href":"https:\/\/www.magnetiqtechnologies.com\/de\/wp-json\/wp\/v2\/pages\/18\/revisions"}],"predecessor-version":[{"id":1116,"href":"https:\/\/www.magnetiqtechnologies.com\/de\/wp-json\/wp\/v2\/pages\/18\/revisions\/1116"}],"wp:featuredmedia":[{"embeddable":true,"href":"https:\/\/www.magnetiqtechnologies.com\/de\/wp-json\/wp\/v2\/media\/720"}],"wp:attachment":[{"href":"https:\/\/www.magnetiqtechnologies.com\/de\/wp-json\/wp\/v2\/media?parent=18"}],"curies":[{"name":"wp","href":"https:\/\/api.w.org\/{rel}","templated":true}]}}