{"id":65,"date":"2025-07-03T13:29:18","date_gmt":"2025-07-03T13:29:18","guid":{"rendered":"https:\/\/magnet.questo.nl\/?page_id=65"},"modified":"2026-03-23T14:33:46","modified_gmt":"2026-03-23T12:33:46","slug":"dokumentation-der-ruckverfolgbarkeit","status":"publish","type":"page","link":"https:\/\/www.magnetiqtechnologies.com\/de\/technology\/traceability-documentation\/","title":{"rendered":"R\u00fcckverfolgbarkeit und Dokumentation"},"content":{"rendered":"<section class=\"l-section wpb_row hide_on_tablets hide_on_mobiles height_auto\"><div class=\"l-section-h i-cf\"><div class=\"g-cols vc_row via_grid cols_1 laptops-cols_inherit tablets-cols_inherit mobiles-cols_1 valign_top type_default stacking_default\"><div class=\"wpb_column vc_column_container\"><div class=\"vc_column-inner\"><div class=\"w-separator size_custom\" style=\"height:20px\"><\/div><nav class=\"g-breadcrumbs separator_icon align_none\" itemscope itemtype=\"http:\/\/schema.org\/BreadcrumbList\"><div class=\"g-breadcrumbs-item\" itemscope itemprop=\"itemListElement\" itemtype=\"http:\/\/schema.org\/ListItem\"><a itemprop=\"item\" href=\"https:\/\/www.magnetiqtechnologies.com\/de\/\"><span itemprop=\"name\">Start<\/span><\/a><meta itemprop=\"position\" content=\"1\"\/><\/div><div class=\"g-breadcrumbs-separator\"><i class=\"far fa-angle-right\"><\/i><\/div><div class=\"g-breadcrumbs-item\">Seiten<\/div><\/nav><div class=\"w-separator size_custom\" style=\"height:20px\"><\/div><\/div><\/div><\/div><\/div><\/section><section class=\"l-section wpb_row height_auto\"><div class=\"l-section-overlay\" style=\"background:var(--color-lightbluegray-custom)\"><\/div><div class=\"l-section-h i-cf\"><div class=\"g-cols vc_row via_grid cols_1 laptops-cols_inherit tablets-cols_inherit mobiles-cols_1 valign_top type_default stacking_default\"><div class=\"wpb_column vc_column_container\"><div class=\"vc_column-inner\"><div class=\"w-image align_none\"><div class=\"w-image-h\"><img decoding=\"async\" width=\"1400\" height=\"500\" src=\"https:\/\/www.magnetiqtechnologies.com\/wp-content\/uploads\/2026\/03\/Banner-Magnet-Tracability.jpg\" class=\"attachment-full size-full\" alt=\"\" loading=\"lazy\" srcset=\"https:\/\/www.magnetiqtechnologies.com\/wp-content\/uploads\/2026\/03\/Banner-Magnet-Tracability.jpg 1400w, https:\/\/www.magnetiqtechnologies.com\/wp-content\/uploads\/2026\/03\/Banner-Magnet-Tracability-300x107.jpg 300w, https:\/\/www.magnetiqtechnologies.com\/wp-content\/uploads\/2026\/03\/Banner-Magnet-Tracability-1024x366.jpg 1024w, https:\/\/www.magnetiqtechnologies.com\/wp-content\/uploads\/2026\/03\/Banner-Magnet-Tracability-18x6.jpg 18w\" sizes=\"auto, (max-width: 1400px) 100vw, 1400px\" \/><\/div><\/div><\/div><\/div><\/div><\/div><\/section><section class=\"l-section wpb_row height_medium\"><div class=\"l-section-overlay\" style=\"background:var(--color-lightbluegray-custom)\"><\/div><div class=\"l-section-h i-cf\"><div class=\"g-cols vc_row via_grid cols_2 laptops-cols_inherit tablets-cols_inherit mobiles-cols_1 valign_top type_default stacking_default\"><div class=\"wpb_column vc_column_container\"><div class=\"vc_column-inner\"><h1 class=\"w-text us_custom_54456bbe\"><span class=\"w-text-h\"><span class=\"w-text-value\">R\u00fcckverfolgbarkeit und Dokumentation von Pr\u00fcfmagneten<\/span><\/span><\/h1><\/div><\/div><div class=\"wpb_column vc_column_container us_custom_a5ef9130\"><div class=\"vc_column-inner\"><div class=\"wpb_text_column\"><div class=\"wpb_wrapper\"><p>MagnetIQ gew\u00e4hrleistet die vollst\u00e4ndige R\u00fcckverfolgbarkeit aller magnetischen Baugruppen und Komponenten. Jede Produktionscharge wird registriert und ist bis auf Rohmaterialebene r\u00fcckverfolgbar, einschlie\u00dflich Magnetquelle, Beschichtungsverfahren, Klebstoffcharge und Montagepersonal. Dies erm\u00f6glicht eine vollst\u00e4ndige Nachvollziehbarkeit w\u00e4hrend des gesamten Lebenszyklus Ihres Produkts.<\/p>\n<\/div><\/div><\/div><\/div><\/div><\/div><\/section><section class=\"l-section wpb_row height_medium\"><div class=\"l-section-h i-cf\"><div class=\"g-cols vc_row via_grid cols_1-2 laptops-cols_inherit tablets-cols_inherit mobiles-cols_1 valign_top type_default stacking_default\"><div class=\"wpb_column vc_column_container\"><div class=\"vc_column-inner\"><\/div><\/div><div class=\"wpb_column vc_column_container us_custom_6e74c4b0\"><div class=\"vc_column-inner\"><h2 class=\"w-text\"><span class=\"w-text-h\"><span class=\"w-text-value\">ISO9001-gest\u00fctzte Dokumentation<\/span><\/span><\/h2><div class=\"wpb_text_column us_custom_6e74c4b0\"><div class=\"wpb_wrapper\"><p>Die gesamte Dokumentation wird in \u00dcbereinstimmung mit den ISO 9001-Verfahren gehandhabt. Pr\u00fcfberichte, Prozessprotokolle und Pr\u00fcfbescheinigungen werden digital gespeichert und sind auf Anfrage verf\u00fcgbar. Von der Materialeingangskontrolle bis zur Endkontrolle wird jeder Schritt systematisch aufgezeichnet.<\/p>\n<\/div><\/div><div class=\"w-separator size_small\"><\/div><h2 class=\"w-text\"><span class=\"w-text-h\"><span class=\"w-text-value\">Unterst\u00fctzung bei Qualit\u00e4tspr\u00fcfungen<\/span><\/span><\/h2><div class=\"wpb_text_column us_custom_6e74c4b0\"><div class=\"wpb_wrapper\"><p>Kunden k\u00f6nnen sich auf MagnetIQ verlassen, wenn es um umfassende Unterst\u00fctzung bei Audits geht. Unsere Dokumentation bietet eine solide Grundlage f\u00fcr die Qualifizierung von Lieferanten, Kundenaudits und interne Validierung. In regulierten Branchen oder bei gesch\u00e4ftskritischen Anwendungen sorgt diese Dokumentation f\u00fcr zus\u00e4tzliches Vertrauen.<\/p>\n<\/div><\/div><div class=\"w-separator size_small\"><\/div><h2 class=\"w-text\"><span class=\"w-text-h\"><span class=\"w-text-value\">Intelligente Serialisierung und Losverfolgung<\/span><\/span><\/h2><div class=\"wpb_text_column us_custom_6e74c4b0\"><div class=\"wpb_wrapper\"><p>F\u00fcr hochvolumige oder kritische Anwendungen bieten wir Serialisierung auf Komponentenebene, Barcode- oder Datamatrix-Tagging und verkn\u00fcpfte digitale Aufzeichnungen. Dies erm\u00f6glicht ein einfaches Auffinden aller zugeh\u00f6rigen Parameter, Messungen und Montageschritte f\u00fcr jedes gelieferte Teil.<\/p>\n<\/div><\/div><div class=\"w-separator size_small\"><\/div><h2 class=\"w-text\"><span class=\"w-text-h\"><span class=\"w-text-value\">Warum es wichtig ist<\/span><\/span><\/h2><div class=\"wpb_text_column us_custom_6e74c4b0\"><div class=\"wpb_wrapper\"><p>Angesichts der steigenden Anforderungen an Compliance, Zuverl\u00e4ssigkeit und Leistung ist eine bew\u00e4hrte R\u00fcckverfolgbarkeits- und Dokumentationsstrategie keine Option mehr. MagnetIQ erm\u00f6glicht es seinen Kunden, diese Erwartungen ohne Overhead zu erf\u00fcllen, indem es die Qualit\u00e4t in jede Ebene des Montageprozesses einbettet.<\/p>\n<\/div><\/div><\/div><\/div><\/div><\/div><\/section><section class=\"l-section wpb_row height_medium\"><div class=\"l-section-h i-cf\"><div class=\"g-cols vc_row via_grid cols_1 laptops-cols_inherit tablets-cols_inherit mobiles-cols_1 valign_top type_default stacking_default\"><div class=\"wpb_column vc_column_container\"><div class=\"vc_column-inner\"><section class=\"l-section wpb_row height_medium width_full\"><div class=\"l-section-overlay\" style=\"background:var(--color-lightbluegray-custom)\"><\/div><div class=\"l-section-h i-cf\"><div class=\"g-cols vc_row via_grid cols_1 laptops-cols_inherit tablets-cols_inherit mobiles-cols_1 valign_top type_default stacking_default\"><div class=\"wpb_column vc_column_container us_custom_54d36dc2\"><div class=\"vc_column-inner\"><h4 class=\"w-text us_custom_a3847353\"><span class=\"w-text-h\"><span class=\"w-text-value\">Unser Support-Team<\/span><\/span><\/h4><div class=\"w-separator size_medium\"><\/div><div class=\"g-cols wpb_row via_grid cols_3 laptops-cols_inherit tablets-cols_inherit mobiles-cols_1 valign_top type_default stacking_default\" style=\"--columns-gap:3rem;\"><div class=\"wpb_column vc_column_container\"><div class=\"vc_column-inner\"><div class=\"w-image align_none\"><div class=\"w-image-h\"><img decoding=\"async\" width=\"1043\" height=\"805\" src=\"https:\/\/www.magnetiqtechnologies.com\/wp-content\/uploads\/2025\/12\/Albert-Slot-Magnetiq-Technologies-Europe.jpg\" class=\"attachment-full size-full\" alt=\"\" loading=\"lazy\" srcset=\"https:\/\/www.magnetiqtechnologies.com\/wp-content\/uploads\/2025\/12\/Albert-Slot-Magnetiq-Technologies-Europe.jpg 1043w, https:\/\/www.magnetiqtechnologies.com\/wp-content\/uploads\/2025\/12\/Albert-Slot-Magnetiq-Technologies-Europe-300x232.jpg 300w, https:\/\/www.magnetiqtechnologies.com\/wp-content\/uploads\/2025\/12\/Albert-Slot-Magnetiq-Technologies-Europe-1024x790.jpg 1024w, https:\/\/www.magnetiqtechnologies.com\/wp-content\/uploads\/2025\/12\/Albert-Slot-Magnetiq-Technologies-Europe-16x12.jpg 16w\" sizes=\"auto, (max-width: 1043px) 100vw, 1043px\" \/><\/div><\/div><div class=\"w-separator size_medium\"><\/div><h3 class=\"w-text\"><span class=\"w-text-h\"><span class=\"w-text-value\">Albert Slot<\/span><\/span><\/h3><div class=\"wpb_text_column us_custom_0d9e4816 has_text_color\"><div class=\"wpb_wrapper\"><div class=\"wpb_column vc_column_container\" data-usbid=\"vc_column_inner:1\">\n<div class=\"vc_column-inner\">\n<div class=\"wpb_text_column usb_custom_j31f has_text_color\" data-usbid=\"vc_column_text:7\">\n<div class=\"wpb_wrapper\">\n<p>Gesch\u00e4ftsf\u00fchrender Direktor<\/p>\n<\/div>\n<\/div>\n<\/div>\n<\/div>\n<div class=\"wpb_column vc_column_container\" data-usbid=\"vc_column_inner:2\"><\/div>\n<\/div><\/div><\/div><\/div><div class=\"wpb_column vc_column_container\"><div class=\"vc_column-inner\"><div class=\"w-image align_none\"><div class=\"w-image-h\"><img decoding=\"async\" width=\"1043\" height=\"805\" src=\"https:\/\/www.magnetiqtechnologies.com\/wp-content\/uploads\/2025\/12\/Maarten-de-Bekker-Magnetiq-Technologies.jpg\" class=\"attachment-full size-full\" alt=\"\" loading=\"lazy\" srcset=\"https:\/\/www.magnetiqtechnologies.com\/wp-content\/uploads\/2025\/12\/Maarten-de-Bekker-Magnetiq-Technologies.jpg 1043w, https:\/\/www.magnetiqtechnologies.com\/wp-content\/uploads\/2025\/12\/Maarten-de-Bekker-Magnetiq-Technologies-300x232.jpg 300w, https:\/\/www.magnetiqtechnologies.com\/wp-content\/uploads\/2025\/12\/Maarten-de-Bekker-Magnetiq-Technologies-1024x790.jpg 1024w, https:\/\/www.magnetiqtechnologies.com\/wp-content\/uploads\/2025\/12\/Maarten-de-Bekker-Magnetiq-Technologies-16x12.jpg 16w\" sizes=\"auto, (max-width: 1043px) 100vw, 1043px\" \/><\/div><\/div><div class=\"w-separator size_medium\"><\/div><h3 class=\"w-text\"><span class=\"w-text-h\"><span class=\"w-text-value\">Maarten de Bekker<\/span><\/span><\/h3><div class=\"wpb_text_column us_custom_0d9e4816 has_text_color\"><div class=\"wpb_wrapper\"><div class=\"wpb_column vc_column_container\" data-usbid=\"vc_column_inner:2\">\n<div class=\"vc_column-inner\">\n<div class=\"wpb_text_column usb_custom_yaa8 has_text_color\" data-usbid=\"vc_column_text:9\">\n<div class=\"wpb_wrapper\">\n<p>Direktor Business &amp; Entwicklung<\/p>\n<\/div>\n<\/div>\n<\/div>\n<\/div>\n<div class=\"wpb_column vc_column_container\" data-usbid=\"vc_column_inner:3\"><\/div>\n<\/div><\/div><\/div><\/div><div class=\"wpb_column vc_column_container\"><div class=\"vc_column-inner\"><div class=\"w-image align_none\"><div class=\"w-image-h\"><img decoding=\"async\" width=\"1043\" height=\"805\" src=\"https:\/\/www.magnetiqtechnologies.com\/wp-content\/uploads\/2025\/12\/Priscilla-Magnetiq-Technologies-Europe.jpg\" class=\"attachment-full size-full\" alt=\"\" loading=\"lazy\" srcset=\"https:\/\/www.magnetiqtechnologies.com\/wp-content\/uploads\/2025\/12\/Priscilla-Magnetiq-Technologies-Europe.jpg 1043w, https:\/\/www.magnetiqtechnologies.com\/wp-content\/uploads\/2025\/12\/Priscilla-Magnetiq-Technologies-Europe-300x232.jpg 300w, https:\/\/www.magnetiqtechnologies.com\/wp-content\/uploads\/2025\/12\/Priscilla-Magnetiq-Technologies-Europe-1024x790.jpg 1024w, https:\/\/www.magnetiqtechnologies.com\/wp-content\/uploads\/2025\/12\/Priscilla-Magnetiq-Technologies-Europe-16x12.jpg 16w\" sizes=\"auto, (max-width: 1043px) 100vw, 1043px\" \/><\/div><\/div><div class=\"w-separator size_medium\"><\/div><h3 class=\"w-text\"><span class=\"w-text-h\"><span class=\"w-text-value\">Priscilla van der Kleij<\/span><\/span><\/h3><div class=\"wpb_text_column us_custom_0d9e4816 has_text_color\"><div class=\"wpb_wrapper\"><div class=\"wpb_column vc_column_container\" data-usbid=\"vc_column_inner:2\">\n<div class=\"vc_column-inner\">\n<div class=\"wpb_text_column usb_custom_yaa8 has_text_color\" data-usbid=\"vc_column_text:9\">\n<div class=\"wpb_wrapper\">\n<p>Spezialist f\u00fcr Gesch\u00e4ftsentwicklung<\/p>\n<\/div>\n<\/div>\n<\/div>\n<\/div>\n<div class=\"wpb_column vc_column_container\" data-usbid=\"vc_column_inner:3\"><\/div>\n<\/div><\/div><\/div><\/div><\/div><div class=\"w-separator size_huge\"><\/div><div class=\"g-cols wpb_row via_grid cols_2 laptops-cols_inherit tablets-cols_inherit mobiles-cols_1 valign_top type_default stacking_default\" style=\"--columns-gap:3rem;\"><div class=\"wpb_column vc_column_container\"><div class=\"vc_column-inner\"><h4 class=\"w-text us_custom_a25df6d4\"><span class=\"w-text-h\"><span class=\"w-text-value\">Nehmen Sie Kontakt mit unserem Team auf<\/span><\/span><\/h4><div class=\"wpb_text_column\"><div class=\"wpb_wrapper\"><p>Ob Sie ein Angebot w\u00fcnschen, Fragen zu unseren Dienstleistungen haben oder herausfinden m\u00f6chten, wie wir Sie unterst\u00fctzen k\u00f6nnen - f\u00fcllen Sie einfach unser Kontaktformular aus. Wir werden uns innerhalb von 24 Stunden bei Ihnen melden.<\/p>\n<\/div><\/div><\/div><\/div><div class=\"wpb_column vc_column_container\"><div class=\"vc_column-inner\"><div class=\"wpb_text_column\"><div class=\"wpb_wrapper\">\n\t\t\t\t\t\t<script>\n\t\t\t\t\t\t\twindow.hsFormsOnReady = window.hsFormsOnReady || [];\n\t\t\t\t\t\t\twindow.hsFormsOnReady.push(()=>{\n\t\t\t\t\t\t\t\thbspt.forms.create({\n\t\t\t\t\t\t\t\t\tportalId: 146721309,\n\t\t\t\t\t\t\t\t\tformId: \"6715b846-83b5-4960-a5f5-8aee376f8c3b\",\n\t\t\t\t\t\t\t\t\ttarget: \"#hbspt-form-1777371921000-1898346109\",\n\t\t\t\t\t\t\t\t\tregion: \"eu1\",\n\t\t\t\t\t\t\t\t\t\n\t\t\t\t\t\t\t})});\n\t\t\t\t\t\t<\/script>\n\t\t\t\t\t\t<div class=\"hbspt-form\" id=\"hbspt-form-1777371921000-1898346109\"><\/div>\n<\/div><\/div><\/div><\/div><\/div><div class=\"w-separator size_medium\"><\/div><\/div><\/div><\/div><\/div><\/section>\n<\/div><\/div><\/div><\/div><\/section>","protected":false},"excerpt":{"rendered":"StartSeitenTraceability and Documentation of test magnetsMagnetIQ ensures complete traceability of all magnetic assemblies and components. Each production batch is registered and traceable down to the raw material level, including magnet source, coating process, adhesive batch and assembly personnel. This provides full accountability throughout the lifecycle of your product. ISO9001-Based DocumentationAll documentation is handled in accordance...","protected":false},"author":1,"featured_media":0,"parent":34,"menu_order":0,"comment_status":"closed","ping_status":"closed","template":"","meta":{"_seopress_robots_primary_cat":"","_seopress_titles_title":"","_seopress_titles_desc":"","_seopress_robots_index":"","content-type":"","footnotes":""},"class_list":["post-65","page","type-page","status-publish","hentry"],"_links":{"self":[{"href":"https:\/\/www.magnetiqtechnologies.com\/de\/wp-json\/wp\/v2\/pages\/65","targetHints":{"allow":["GET"]}}],"collection":[{"href":"https:\/\/www.magnetiqtechnologies.com\/de\/wp-json\/wp\/v2\/pages"}],"about":[{"href":"https:\/\/www.magnetiqtechnologies.com\/de\/wp-json\/wp\/v2\/types\/page"}],"author":[{"embeddable":true,"href":"https:\/\/www.magnetiqtechnologies.com\/de\/wp-json\/wp\/v2\/users\/1"}],"replies":[{"embeddable":true,"href":"https:\/\/www.magnetiqtechnologies.com\/de\/wp-json\/wp\/v2\/comments?post=65"}],"version-history":[{"count":1,"href":"https:\/\/www.magnetiqtechnologies.com\/de\/wp-json\/wp\/v2\/pages\/65\/revisions"}],"predecessor-version":[{"id":1339,"href":"https:\/\/www.magnetiqtechnologies.com\/de\/wp-json\/wp\/v2\/pages\/65\/revisions\/1339"}],"up":[{"embeddable":true,"href":"https:\/\/www.magnetiqtechnologies.com\/de\/wp-json\/wp\/v2\/pages\/34"}],"wp:attachment":[{"href":"https:\/\/www.magnetiqtechnologies.com\/de\/wp-json\/wp\/v2\/media?parent=65"}],"curies":[{"name":"wp","href":"https:\/\/api.w.org\/{rel}","templated":true}]}}