{"id":79,"date":"2025-07-03T13:33:28","date_gmt":"2025-07-03T13:33:28","guid":{"rendered":"https:\/\/magnet.questo.nl\/?page_id=79"},"modified":"2025-08-25T13:12:46","modified_gmt":"2025-08-25T11:12:46","slug":"injektionsgeschweister-smfen","status":"publish","type":"page","link":"https:\/\/www.magnetiqtechnologies.com\/de\/materials\/injection-bonded-smfen\/","title":{"rendered":"Spritzgegossenes SmFeN"},"content":{"rendered":"<section class=\"l-section wpb_row hide_on_tablets hide_on_mobiles height_auto\"><div class=\"l-section-h i-cf\"><div class=\"g-cols vc_row via_grid cols_1 laptops-cols_inherit tablets-cols_inherit mobiles-cols_1 valign_top type_default stacking_default\"><div class=\"wpb_column vc_column_container\"><div class=\"vc_column-inner\"><div class=\"w-separator size_custom\" style=\"height:20px\"><\/div><nav class=\"g-breadcrumbs separator_icon align_none\" itemscope itemtype=\"http:\/\/schema.org\/BreadcrumbList\"><div class=\"g-breadcrumbs-item\" itemscope itemprop=\"itemListElement\" itemtype=\"http:\/\/schema.org\/ListItem\"><a itemprop=\"item\" href=\"https:\/\/www.magnetiqtechnologies.com\/de\/\"><span itemprop=\"name\">Start<\/span><\/a><meta itemprop=\"position\" content=\"1\"\/><\/div><div class=\"g-breadcrumbs-separator\"><i class=\"far fa-angle-right\"><\/i><\/div><div class=\"g-breadcrumbs-item\">Seiten<\/div><\/nav><div class=\"w-separator size_custom\" style=\"height:20px\"><\/div><\/div><\/div><\/div><\/div><\/section><section class=\"l-section wpb_row height_auto\"><div class=\"l-section-overlay\" style=\"background:var(--color-lightbluegray-custom)\"><\/div><div class=\"l-section-h i-cf\"><div class=\"g-cols vc_row via_grid cols_1 laptops-cols_inherit tablets-cols_inherit mobiles-cols_1 valign_top type_default stacking_default\"><div class=\"wpb_column vc_column_container\"><div class=\"vc_column-inner\"><div class=\"w-image align_none\"><div class=\"w-image-h\"><img decoding=\"async\" width=\"1400\" height=\"500\" src=\"https:\/\/www.magnetiqtechnologies.com\/wp-content\/uploads\/2025\/08\/Banner-Injection-Bonded-Magnets.jpg\" class=\"attachment-full size-full\" alt=\"\" loading=\"lazy\" srcset=\"https:\/\/www.magnetiqtechnologies.com\/wp-content\/uploads\/2025\/08\/Banner-Injection-Bonded-Magnets.jpg 1400w, https:\/\/www.magnetiqtechnologies.com\/wp-content\/uploads\/2025\/08\/Banner-Injection-Bonded-Magnets-300x107.jpg 300w, https:\/\/www.magnetiqtechnologies.com\/wp-content\/uploads\/2025\/08\/Banner-Injection-Bonded-Magnets-1024x366.jpg 1024w\" sizes=\"auto, (max-width: 1400px) 100vw, 1400px\" \/><\/div><\/div><\/div><\/div><\/div><\/div><\/section><section class=\"l-section wpb_row height_medium\"><div class=\"l-section-overlay\" style=\"background:var(--color-lightbluegray-custom)\"><\/div><div class=\"l-section-h i-cf\"><div class=\"g-cols vc_row via_grid cols_2 laptops-cols_inherit tablets-cols_inherit mobiles-cols_1 valign_top type_default stacking_default\"><div class=\"wpb_column vc_column_container\"><div class=\"vc_column-inner\"><p class=\"w-text us_custom_11000c37\"><span class=\"w-text-h\"><span class=\"w-text-value\">Gebondete Hochleistungsmagnete f\u00fcr dynamische Anwendungen<\/span><\/span><\/p><h1 class=\"w-text us_custom_54456bbe\"><span class=\"w-text-h\"><span class=\"w-text-value\">Was ist spritzgegossenes SmFeN?<\/span><\/span><\/h1><\/div><\/div><div class=\"wpb_column vc_column_container us_custom_a5ef9130\"><div class=\"vc_column-inner\"><div class=\"wpb_text_column\"><div class=\"wpb_wrapper\"><p>Spritzgegossene Magnete aus Samarium-Eisennitrid (SmFeN) verbinden die Vorteile der magnetischen St\u00e4rke von Seltenen Erden mit der Verarbeitbarkeit des polymerbasierten Gie\u00dfens. SmFeN bietet eine leistungsstarke Alternative zu gebundenem NdFeB mit hervorragender Korrosionsbest\u00e4ndigkeit und bemerkenswerter Temperaturstabilit\u00e4t bis zu 150\u00b0C.<\/p>\n<p>Diese Magnete werden hergestellt, indem feines SmFeN-Pulver mit thermoplastischen Bindemitteln gemischt und im Spritzgussverfahren in endkonturnahe Formen gebracht wird. Das Ergebnis ist ein ma\u00dfgenauer Hochleistungsmagnet, der sich ideal f\u00fcr kleine, komplexe oder Hochgeschwindigkeits-Baugruppen eignet.<\/p>\n<\/div><\/div><\/div><\/div><\/div><\/div><\/section><section class=\"l-section wpb_row height_medium\"><div class=\"l-section-h i-cf\"><div class=\"g-cols vc_row via_grid cols_1-2 laptops-cols_inherit tablets-cols_inherit mobiles-cols_1 valign_top type_default stacking_default\"><div class=\"wpb_column vc_column_container\"><div class=\"vc_column-inner\"><\/div><\/div><div class=\"wpb_column vc_column_container us_custom_6e74c4b0\"><div class=\"vc_column-inner\"><h2 class=\"w-text\"><span class=\"w-text-h\"><span class=\"w-text-value\">Vorteile von SmFeN gegen\u00fcber gebundenem NdFeB<\/span><\/span><\/h2><div class=\"wpb_text_column us_custom_6e74c4b0\"><div class=\"wpb_wrapper\"><ul>\n<li>Bessere Oxidationsbest\u00e4ndigkeit, ohne dass eine Beschichtung erforderlich ist<\/li>\n<li>Stabilere magnetische Eigenschaften bei Temperaturschwankungen<\/li>\n<li>Geringeres Risiko des magnetischen Zerfalls in feuchten oder chemisch aggressiven Umgebungen<\/li>\n<li>Ausgezeichnete Haftung und Kompatibilit\u00e4t mit Sensorbaugruppen, Umspritzungen und Eins\u00e4tzen<\/li>\n<\/ul>\n<\/div><\/div><div class=\"w-separator size_small\"><\/div><h2 class=\"w-text\"><span class=\"w-text-h\"><span class=\"w-text-value\">Anwendungsbereiche f\u00fcr spritzgegossenes SmFeN<\/span><\/span><\/h2><div class=\"wpb_text_column us_custom_6e74c4b0\"><div class=\"wpb_wrapper\"><ul>\n<li>Kfz-Sensorik (Position, Geschwindigkeit, Winkel)<\/li>\n<li>Miniaturmotoren und Stellantriebe<\/li>\n<li>Drehgeber und Resolverringe<\/li>\n<li>Hybride Magnetsysteme mit axialer oder radialer Magnetisierung<\/li>\n<li>Unterhaltungs- und Industrieelektronik mit eingeschr\u00e4nkten Geometrien<\/li>\n<\/ul>\n<\/div><\/div><\/div><\/div><\/div><\/div><\/section><section class=\"l-section wpb_row height_auto\"><div class=\"l-section-h i-cf\"><div class=\"g-cols vc_row via_grid cols_1-2 laptops-cols_inherit tablets-cols_inherit mobiles-cols_1 valign_top type_default stacking_default\"><div class=\"wpb_column vc_column_container\"><div class=\"vc_column-inner\"><\/div><\/div><div class=\"wpb_column vc_column_container\"><div class=\"vc_column-inner\"><div class=\"w-image align_none\"><div class=\"w-image-h\"><img decoding=\"async\" width=\"1000\" height=\"550\" src=\"https:\/\/www.magnetiqtechnologies.com\/wp-content\/uploads\/2025\/08\/Injection-Bonded-Magnets.png\" class=\"attachment-full size-full\" alt=\"\" loading=\"lazy\" srcset=\"https:\/\/www.magnetiqtechnologies.com\/wp-content\/uploads\/2025\/08\/Injection-Bonded-Magnets.png 1000w, https:\/\/www.magnetiqtechnologies.com\/wp-content\/uploads\/2025\/08\/Injection-Bonded-Magnets-300x165.png 300w, https:\/\/www.magnetiqtechnologies.com\/wp-content\/uploads\/2025\/08\/Injection-Bonded-Magnets-18x10.png 18w\" sizes=\"auto, (max-width: 1000px) 100vw, 1000px\" \/><\/div><\/div><\/div><\/div><\/div><\/div><\/section><section class=\"l-section wpb_row height_medium\"><div class=\"l-section-h i-cf\"><div class=\"g-cols vc_row via_grid cols_1-2 laptops-cols_inherit tablets-cols_inherit mobiles-cols_1 valign_top type_default stacking_default\"><div class=\"wpb_column vc_column_container\"><div class=\"vc_column-inner\"><\/div><\/div><div class=\"wpb_column vc_column_container us_custom_6e74c4b0\"><div class=\"vc_column-inner\"><h2 class=\"w-text\"><span class=\"w-text-h\"><span class=\"w-text-value\">MagnetIQs F\u00e4higkeiten im SmFeN-Engineering<\/span><\/span><\/h2><div class=\"wpb_text_column us_custom_6e74c4b0\"><div class=\"wpb_wrapper\"><p>MagnetIQ unterst\u00fctzt OEMs mit Co-Design und Rapid Prototyping von SmFeN-basierten Baugruppen. Wir bieten:<\/p>\n<ul>\n<li><span>Magnetische Simulation und Optimierung (FEA)<\/span><\/li>\n<li><span>Ma\u00dfgeschneiderte L\u00f6sungen f\u00fcr Insert-Molding und Overmolding<\/span><\/li>\n<li><span>Mehrkavit\u00e4ten-Werkzeuge und Pr\u00e4zisionsentformung<\/span><\/li>\n<li><span>Einstellungen nach der Magnetisierung und Orientierungskontrolle<\/span><\/li>\n<\/ul>\n<\/div><\/div><div class=\"w-separator size_small\"><\/div><div class=\"w-btn-wrapper align_none\"><a class=\"w-btn us-btn-style_1\" href=\"#\"><span class=\"w-btn-label\">SmFeN-Datenblatt herunterladen<\/span><\/a><\/div><\/div><\/div><\/div><\/div><\/section><section class=\"l-section wpb_row height_medium\"><div class=\"l-section-h i-cf\"><div class=\"g-cols vc_row via_grid cols_1 laptops-cols_inherit tablets-cols_inherit mobiles-cols_1 valign_top type_default stacking_default\"><div class=\"wpb_column vc_column_container\"><div class=\"vc_column-inner\"><section class=\"l-section wpb_row us_custom_54d36dc2 height_medium width_full color_alternate\"><div class=\"l-section-overlay\" style=\"background:var(--color-lightbluegray-custom)\"><\/div><div class=\"l-section-h i-cf\"><div class=\"g-cols vc_row via_grid cols_2 laptops-cols_inherit tablets-cols_inherit mobiles-cols_1 valign_top type_default stacking_default\" style=\"--columns-gap:calc(3rem + 3rem);\"><div class=\"wpb_column vc_column_container us_custom_0d2adaf3\"><div class=\"vc_column-inner\"><h4 class=\"w-text us_custom_745b0270\"><span class=\"w-text-h\"><span class=\"w-text-value\">Nehmen Sie Kontakt mit unserem Team auf<\/span><\/span><\/h4><div class=\"wpb_text_column\"><div class=\"wpb_wrapper\"><p>Ob Sie ein Angebot w\u00fcnschen, Fragen zu unseren Dienstleistungen haben oder herausfinden m\u00f6chten, wie wir Sie unterst\u00fctzen k\u00f6nnen - f\u00fcllen Sie einfach unser Kontaktformular aus. Wir werden uns innerhalb von 24 Stunden bei Ihnen melden.<\/p>\n<\/div><\/div><\/div><\/div><div class=\"wpb_column vc_column_container\"><div class=\"vc_column-inner\"><div class=\"wpb_text_column\"><div class=\"wpb_wrapper\">\n\t\t\t\t\t\t<script>\n\t\t\t\t\t\t\twindow.hsFormsOnReady = window.hsFormsOnReady || [];\n\t\t\t\t\t\t\twindow.hsFormsOnReady.push(()=>{\n\t\t\t\t\t\t\t\thbspt.forms.create({\n\t\t\t\t\t\t\t\t\tportalId: 146721309,\n\t\t\t\t\t\t\t\t\tformId: \"6715b846-83b5-4960-a5f5-8aee376f8c3b\",\n\t\t\t\t\t\t\t\t\ttarget: \"#hbspt-form-1777372959000-7534616107\",\n\t\t\t\t\t\t\t\t\tregion: \"eu1\",\n\t\t\t\t\t\t\t\t\t\n\t\t\t\t\t\t\t})});\n\t\t\t\t\t\t<\/script>\n\t\t\t\t\t\t<div class=\"hbspt-form\" id=\"hbspt-form-1777372959000-7534616107\"><\/div>\n<\/div><\/div><\/div><\/div><\/div><\/div><\/section>\n<\/div><\/div><\/div><\/div><\/section>","protected":false},"excerpt":{"rendered":"StartSeitenHigh-performance bonded magnets for dynamic applicationsWhat is Injection Bonded SmFeN?Injection bonded Samarium Iron Nitride (SmFeN) magnets combine the advantages of rare-earth magnetic strength with the processability of polymer-based molding. SmFeN offers a powerful alternative to bonded NdFeB with superior corrosion resistance and remarkable temperature stability up to 150\u00b0C. These magnets are produced by compounding fine...","protected":false},"author":1,"featured_media":0,"parent":67,"menu_order":0,"comment_status":"closed","ping_status":"closed","template":"","meta":{"_seopress_robots_primary_cat":"","_seopress_titles_title":"","_seopress_titles_desc":"","_seopress_robots_index":"","content-type":"","footnotes":""},"class_list":["post-79","page","type-page","status-publish","hentry"],"_links":{"self":[{"href":"https:\/\/www.magnetiqtechnologies.com\/de\/wp-json\/wp\/v2\/pages\/79","targetHints":{"allow":["GET"]}}],"collection":[{"href":"https:\/\/www.magnetiqtechnologies.com\/de\/wp-json\/wp\/v2\/pages"}],"about":[{"href":"https:\/\/www.magnetiqtechnologies.com\/de\/wp-json\/wp\/v2\/types\/page"}],"author":[{"embeddable":true,"href":"https:\/\/www.magnetiqtechnologies.com\/de\/wp-json\/wp\/v2\/users\/1"}],"replies":[{"embeddable":true,"href":"https:\/\/www.magnetiqtechnologies.com\/de\/wp-json\/wp\/v2\/comments?post=79"}],"version-history":[{"count":0,"href":"https:\/\/www.magnetiqtechnologies.com\/de\/wp-json\/wp\/v2\/pages\/79\/revisions"}],"up":[{"embeddable":true,"href":"https:\/\/www.magnetiqtechnologies.com\/de\/wp-json\/wp\/v2\/pages\/67"}],"wp:attachment":[{"href":"https:\/\/www.magnetiqtechnologies.com\/de\/wp-json\/wp\/v2\/media?parent=79"}],"curies":[{"name":"wp","href":"https:\/\/api.w.org\/{rel}","templated":true}]}}