{"id":87,"date":"2025-07-03T13:35:09","date_gmt":"2025-07-03T13:35:09","guid":{"rendered":"https:\/\/magnet.questo.nl\/?page_id=87"},"modified":"2025-12-03T12:27:43","modified_gmt":"2025-12-03T10:27:43","slug":"branchen","status":"publish","type":"page","link":"https:\/\/www.magnetiqtechnologies.com\/de\/industries\/","title":{"rendered":"Branchen"},"content":{"rendered":"<section class=\"l-section wpb_row height_auto\"><div class=\"l-section-h i-cf\"><div class=\"g-cols vc_row via_grid cols_1 laptops-cols_inherit tablets-cols_inherit mobiles-cols_1 valign_top type_default stacking_default\"><div class=\"wpb_column vc_column_container\"><div class=\"vc_column-inner\"><div class=\"w-separator size_custom\" style=\"height:66px\" id=\"p673\"><style>@media(max-width:1379px){ #p673{height:2rem!important}}@media(max-width:900px){ #p673{height:0!important}}<\/style><\/div><div class=\"w-image align_none\"><div class=\"w-image-h\"><img decoding=\"async\" width=\"1400\" height=\"500\" src=\"https:\/\/www.magnetiqtechnologies.com\/wp-content\/uploads\/2025\/08\/1.-Banner-Permanent-Magnets-Rare-Erath.jpg\" class=\"attachment-full size-full\" alt=\"\" loading=\"lazy\" srcset=\"https:\/\/www.magnetiqtechnologies.com\/wp-content\/uploads\/2025\/08\/1.-Banner-Permanent-Magnets-Rare-Erath.jpg 1400w, https:\/\/www.magnetiqtechnologies.com\/wp-content\/uploads\/2025\/08\/1.-Banner-Permanent-Magnets-Rare-Erath-300x107.jpg 300w, https:\/\/www.magnetiqtechnologies.com\/wp-content\/uploads\/2025\/08\/1.-Banner-Permanent-Magnets-Rare-Erath-1024x366.jpg 1024w, https:\/\/www.magnetiqtechnologies.com\/wp-content\/uploads\/2025\/08\/1.-Banner-Permanent-Magnets-Rare-Erath-18x6.jpg 18w\" sizes=\"auto, (max-width: 1400px) 100vw, 1400px\" \/><\/div><\/div><\/div><\/div><\/div><\/div><\/section><section class=\"l-section wpb_row us_custom_ea15b364 height_medium\"><div class=\"l-section-h i-cf\"><div class=\"g-cols vc_row via_grid cols_2 laptops-cols_inherit tablets-cols_inherit mobiles-cols_1 valign_top type_default stacking_default\"><div class=\"wpb_column vc_column_container us_custom_f03ee871\"><div class=\"vc_column-inner\"><h1 class=\"w-text us_custom_54456bbe\"><span class=\"w-text-h\"><span class=\"w-text-value\">Branchen<\/span><\/span><\/h1><\/div><\/div><div class=\"wpb_column vc_column_container us_custom_a5ef9130\"><div class=\"vc_column-inner\"><div class=\"wpb_text_column\"><div class=\"wpb_wrapper\"><p><span data-contrast=\"auto\" xml:lang=\"EN-US\" lang=\"EN-US\" class=\"TextRun SCXW217740688 BCX0\"><span class=\"NormalTextRun SpellingErrorV2Themed SCXW217740688 BCX0\" data-ccp-parastyle=\"Main tekst\" data-ccp-parastyle-defn=\"{&quot;ObjectId&quot;:&quot;66c67b3d-b8bf-5fbf-a86b-599ad39b1168|1&quot;,&quot;ClassId&quot;:1073872969,&quot;Properties&quot;:&#091;134224900,&quot;false&quot;,469777841,&quot;Segoe UI&quot;,469777844,&quot;Segoe UI&quot;,469769226,&quot;Segoe UI&quot;,201342446,&quot;1&quot;,201342447,&quot;5&quot;,201342448,&quot;3&quot;,201342449,&quot;1&quot;,469777842,&quot;&quot;,469777843,&quot;\uff2d\uff33 \u660e\u671d&quot;,201341986,&quot;1&quot;,268442635,&quot;22&quot;,469775450,&quot;Main tekst&quot;,201340122,&quot;2&quot;,134234082,&quot;true&quot;,134233614,&quot;true&quot;,469778129,&quot;Maintekst&quot;,335572020,&quot;1&quot;,469777929,&quot;Main tekst Char&quot;,469778324,&quot;Normal&quot;&#093;}\" data-ccp-parastyle-linked-defn=\"{&quot;ObjectId&quot;:&quot;b7e9b9a6-1506-5808-bff3-a3cbf21920dc|1&quot;,&quot;ClassId&quot;:1073872969,&quot;Properties&quot;:&#091;201342446,&quot;1&quot;,201342447,&quot;5&quot;,201342448,&quot;3&quot;,201342449,&quot;1&quot;,469777841,&quot;Segoe UI&quot;,469777842,&quot;&quot;,469777843,&quot;\uff2d\uff33 \u660e\u671d&quot;,469777844,&quot;Segoe UI&quot;,201341986,&quot;1&quot;,469769226,&quot;Segoe UI&quot;,268442635,&quot;22&quot;,469775450,&quot;Main tekst Char&quot;,201340122,&quot;1&quot;,134233614,&quot;true&quot;,469778129,&quot;MaintekstChar&quot;,335572020,&quot;1&quot;,134231262,&quot;true&quot;,469777929,&quot;Main tekst&quot;,469778324,&quot;Default Paragraph Font&quot;&#093;}\">MagnetIQ<\/span><span class=\"NormalTextRun SCXW217740688 BCX0\" data-ccp-parastyle=\"Main tekst\"> liefert fortschrittliche magnetische Baugruppen f\u00fcr eine Vielzahl von Branchen, von Antriebssystemen bis hin zu sauberen Energiel\u00f6sungen. Unser Magnet <\/span><span class=\"NormalTextRun SCXW217740688 BCX0\" data-ccp-parastyle=\"Main tekst\">Fachwissen<\/span><span class=\"NormalTextRun SCXW217740688 BCX0\" data-ccp-parastyle=\"Main tekst\"> und technischen F\u00e4higkeiten erm\u00f6glichen es unseren Kunden, intelligentere und effizientere Anwendungen zu entwickeln. Entdecken Sie sechs Schl\u00fcsselsektoren, in denen die Magnettechnik eine wichtige Rolle spielt.<\/span><\/span><span class=\"EOP SCXW217740688 BCX0\" data-ccp-props=\"{}\">\u00a0<\/span><\/p>\n<\/div><\/div><\/div><\/div><\/div><\/div><\/section><section class=\"l-section wpb_row height_medium\"><div class=\"l-section-h i-cf\"><div class=\"g-cols vc_row via_grid cols_1 laptops-cols_inherit tablets-cols_inherit mobiles-cols_1 valign_top type_default stacking_default\"><div class=\"wpb_column vc_column_container\"><div class=\"vc_column-inner\"><div class=\"g-cols wpb_row via_grid cols_3 laptops-cols_inherit tablets-cols_inherit mobiles-cols_1 valign_top type_default stacking_default\" style=\"--columns-gap:3rem;\"><div class=\"wpb_column vc_column_container\"><div class=\"vc_column-inner\"><div class=\"w-image align_none\"><div class=\"w-image-h\"><img decoding=\"async\" width=\"1000\" height=\"1000\" src=\"https:\/\/www.magnetiqtechnologies.com\/wp-content\/uploads\/2025\/07\/1.-Motion-Drive-Technology.jpg\" class=\"attachment-large size-large\" alt=\"\" loading=\"lazy\" srcset=\"https:\/\/www.magnetiqtechnologies.com\/wp-content\/uploads\/2025\/07\/1.-Motion-Drive-Technology.jpg 1000w, https:\/\/www.magnetiqtechnologies.com\/wp-content\/uploads\/2025\/07\/1.-Motion-Drive-Technology-300x300.jpg 300w, https:\/\/www.magnetiqtechnologies.com\/wp-content\/uploads\/2025\/07\/1.-Motion-Drive-Technology-150x150.jpg 150w\" sizes=\"auto, (max-width: 1000px) 100vw, 1000px\" \/><\/div><\/div><div class=\"w-separator size_small\"><\/div><h3 class=\"w-text\"><span class=\"w-text-h\"><span class=\"w-text-value\">Bewegungs- und Antriebstechnik<\/span><\/span><\/h3><div class=\"wpb_text_column\"><div class=\"wpb_wrapper\"><p>Hochleistungsmagnetbaugruppen f\u00fcr Rotoren, Linearmotoren und Pr\u00e4zisionsbewegungssysteme. Entscheidend f\u00fcr Effizienz, Drehmomentdichte und gleichm\u00e4\u00dfiges dynamisches Verhalten in Industrie- und Servoanwendungen.<\/p>\n<\/div><\/div><\/div><\/div><div class=\"wpb_column vc_column_container\"><div class=\"vc_column-inner\"><div class=\"w-image align_none\"><div class=\"w-image-h\"><img decoding=\"async\" width=\"1000\" height=\"1000\" src=\"https:\/\/www.magnetiqtechnologies.com\/wp-content\/uploads\/2025\/07\/2.-Renewable-Enegry.jpg\" class=\"attachment-large size-large\" alt=\"\" loading=\"lazy\" srcset=\"https:\/\/www.magnetiqtechnologies.com\/wp-content\/uploads\/2025\/07\/2.-Renewable-Enegry.jpg 1000w, https:\/\/www.magnetiqtechnologies.com\/wp-content\/uploads\/2025\/07\/2.-Renewable-Enegry-300x300.jpg 300w, https:\/\/www.magnetiqtechnologies.com\/wp-content\/uploads\/2025\/07\/2.-Renewable-Enegry-150x150.jpg 150w\" sizes=\"auto, (max-width: 1000px) 100vw, 1000px\" \/><\/div><\/div><div class=\"w-separator size_small\"><\/div><h3 class=\"w-text\"><span class=\"w-text-h\"><span class=\"w-text-value\">Erneuerbare Energie<\/span><\/span><\/h3><div class=\"wpb_text_column\"><div class=\"wpb_wrapper\"><p>Kundenspezifische Magnete und Baugruppen f\u00fcr Windturbinen, Gezeitenkonverter und Wellenkraftsysteme. Der Schwerpunkt liegt auf Haltbarkeit, langfristiger Leistung und Integration in direkt angetriebene Generatoren.<\/p>\n<\/div><\/div><\/div><\/div><div class=\"wpb_column vc_column_container\"><div class=\"vc_column-inner\"><div class=\"w-image align_none\"><div class=\"w-image-h\"><img decoding=\"async\" width=\"1000\" height=\"1000\" src=\"https:\/\/www.magnetiqtechnologies.com\/wp-content\/uploads\/2025\/07\/3.-Medical-and-Analytical-Devices.jpg\" class=\"attachment-large size-large\" alt=\"\" loading=\"lazy\" srcset=\"https:\/\/www.magnetiqtechnologies.com\/wp-content\/uploads\/2025\/07\/3.-Medical-and-Analytical-Devices.jpg 1000w, https:\/\/www.magnetiqtechnologies.com\/wp-content\/uploads\/2025\/07\/3.-Medical-and-Analytical-Devices-300x300.jpg 300w, https:\/\/www.magnetiqtechnologies.com\/wp-content\/uploads\/2025\/07\/3.-Medical-and-Analytical-Devices-150x150.jpg 150w\" sizes=\"auto, (max-width: 1000px) 100vw, 1000px\" \/><\/div><\/div><div class=\"w-separator size_small\"><\/div><h3 class=\"w-text\"><span class=\"w-text-h\"><span class=\"w-text-value\">Medizinische und analytische Ger\u00e4te<\/span><\/span><\/h3><div class=\"wpb_text_column\"><div class=\"wpb_wrapper\"><p>Magnetische Konfigurationen f\u00fcr MRI\/NMR-Systeme, Laborautomatisierung und Trenntechnik. Pr\u00e4zise und reproduzierbare Magnetik f\u00fcr empfindliche Instrumente und Diagnostik.<\/p>\n<\/div><\/div><\/div><\/div><\/div><div class=\"w-separator size_custom\" style=\"height:3rem\"><\/div><div class=\"g-cols wpb_row via_grid cols_3 laptops-cols_inherit tablets-cols_inherit mobiles-cols_1 valign_top type_default stacking_default\" style=\"--columns-gap:3rem;\"><div class=\"wpb_column vc_column_container\"><div class=\"vc_column-inner\"><div class=\"w-image align_none\"><div class=\"w-image-h\"><img decoding=\"async\" width=\"1000\" height=\"1000\" src=\"https:\/\/www.magnetiqtechnologies.com\/wp-content\/uploads\/2025\/07\/4.-Automotive.jpg\" class=\"attachment-large size-large\" alt=\"\" loading=\"lazy\" srcset=\"https:\/\/www.magnetiqtechnologies.com\/wp-content\/uploads\/2025\/07\/4.-Automotive.jpg 1000w, https:\/\/www.magnetiqtechnologies.com\/wp-content\/uploads\/2025\/07\/4.-Automotive-300x300.jpg 300w, https:\/\/www.magnetiqtechnologies.com\/wp-content\/uploads\/2025\/07\/4.-Automotive-150x150.jpg 150w\" sizes=\"auto, (max-width: 1000px) 100vw, 1000px\" \/><\/div><\/div><div class=\"w-separator size_small\"><\/div><h3 class=\"w-text\"><span class=\"w-text-h\"><span class=\"w-text-value\">Automobil &amp; E-Mobilit\u00e4t<\/span><\/span><\/h3><div class=\"wpb_text_column\"><div class=\"wpb_wrapper\"><p>Baugruppen f\u00fcr Fahrmotoren, Sensoren und magnetische Steuersysteme in EVs und Hybridfahrzeugen. Kompakt, effizient und validiert f\u00fcr die Leistung unter rauen Automobilbedingungen.<\/p>\n<\/div><\/div><\/div><\/div><div class=\"wpb_column vc_column_container\"><div class=\"vc_column-inner\"><div class=\"w-image align_none\"><div class=\"w-image-h\"><img decoding=\"async\" width=\"1000\" height=\"1000\" src=\"https:\/\/www.magnetiqtechnologies.com\/wp-content\/uploads\/2025\/07\/5.-Semiconductor.jpg\" class=\"attachment-large size-large\" alt=\"\" loading=\"lazy\" srcset=\"https:\/\/www.magnetiqtechnologies.com\/wp-content\/uploads\/2025\/07\/5.-Semiconductor.jpg 1000w, https:\/\/www.magnetiqtechnologies.com\/wp-content\/uploads\/2025\/07\/5.-Semiconductor-300x300.jpg 300w, https:\/\/www.magnetiqtechnologies.com\/wp-content\/uploads\/2025\/07\/5.-Semiconductor-150x150.jpg 150w\" sizes=\"auto, (max-width: 1000px) 100vw, 1000px\" \/><\/div><\/div><div class=\"w-separator size_small\"><\/div><h3 class=\"w-text\"><span class=\"w-text-h\"><span class=\"w-text-value\">Elektronik<\/span><\/span><\/h3><div class=\"wpb_text_column\"><div class=\"wpb_wrapper\"><p>Magnetische Abschirmung und Flu\u00dff\u00fchrungssysteme. EMI-Kontrolle und hochpr\u00e4zise Automatisierung.<\/p>\n<\/div><\/div><\/div><\/div><div class=\"wpb_column vc_column_container\"><div class=\"vc_column-inner\"><div class=\"w-image align_none\"><div class=\"w-image-h\"><img decoding=\"async\" width=\"1000\" height=\"1000\" src=\"https:\/\/www.magnetiqtechnologies.com\/wp-content\/uploads\/2025\/07\/6.-Industrial-Automation.jpg\" class=\"attachment-large size-large\" alt=\"\" loading=\"lazy\" srcset=\"https:\/\/www.magnetiqtechnologies.com\/wp-content\/uploads\/2025\/07\/6.-Industrial-Automation.jpg 1000w, https:\/\/www.magnetiqtechnologies.com\/wp-content\/uploads\/2025\/07\/6.-Industrial-Automation-300x300.jpg 300w, https:\/\/www.magnetiqtechnologies.com\/wp-content\/uploads\/2025\/07\/6.-Industrial-Automation-150x150.jpg 150w\" sizes=\"auto, (max-width: 1000px) 100vw, 1000px\" \/><\/div><\/div><div class=\"w-separator size_small\"><\/div><h3 class=\"w-text\"><span class=\"w-text-h\"><span class=\"w-text-value\">Industrielle Automatisierung &amp; Robotik<\/span><\/span><\/h3><div class=\"wpb_text_column\"><div class=\"wpb_wrapper\"><p>Greif-, Bet\u00e4tigungs- und Erfassungssysteme mit integrierter Magnettechnik. Entwickelt f\u00fcr Zuverl\u00e4ssigkeit, Geschwindigkeit und Anpassungsf\u00e4higkeit in Roboterumgebungen.<\/p>\n<\/div><\/div><\/div><\/div><\/div><\/div><\/div><\/div><\/div><\/section><section class=\"l-section wpb_row height_medium\"><div class=\"l-section-h i-cf\"><div class=\"g-cols vc_row via_grid cols_1 laptops-cols_inherit tablets-cols_inherit mobiles-cols_1 valign_top type_default stacking_default\"><div class=\"wpb_column vc_column_container\"><div class=\"vc_column-inner\"><section class=\"l-section wpb_row us_custom_54d36dc2 height_medium width_full color_alternate\"><div class=\"l-section-overlay\" style=\"background:var(--color-lightbluegray-custom)\"><\/div><div class=\"l-section-h i-cf\"><div class=\"g-cols vc_row via_grid cols_2 laptops-cols_inherit tablets-cols_inherit mobiles-cols_1 valign_top type_default stacking_default\" style=\"--columns-gap:calc(3rem + 3rem);\"><div class=\"wpb_column vc_column_container us_custom_0d2adaf3\"><div class=\"vc_column-inner\"><h4 class=\"w-text us_custom_745b0270\"><span class=\"w-text-h\"><span class=\"w-text-value\">Nehmen Sie Kontakt mit unserem Team auf<\/span><\/span><\/h4><div class=\"wpb_text_column\"><div class=\"wpb_wrapper\"><p>Ob Sie ein Angebot w\u00fcnschen, Fragen zu unseren Dienstleistungen haben oder herausfinden m\u00f6chten, wie wir Sie unterst\u00fctzen k\u00f6nnen - f\u00fcllen Sie einfach unser Kontaktformular aus. Wir werden uns innerhalb von 24 Stunden bei Ihnen melden.<\/p>\n<\/div><\/div><\/div><\/div><div class=\"wpb_column vc_column_container\"><div class=\"vc_column-inner\"><div class=\"wpb_text_column\"><div class=\"wpb_wrapper\">\n\t\t\t\t\t\t<script>\n\t\t\t\t\t\t\twindow.hsFormsOnReady = window.hsFormsOnReady || [];\n\t\t\t\t\t\t\twindow.hsFormsOnReady.push(()=>{\n\t\t\t\t\t\t\t\thbspt.forms.create({\n\t\t\t\t\t\t\t\t\tportalId: 146721309,\n\t\t\t\t\t\t\t\t\tformId: \"6715b846-83b5-4960-a5f5-8aee376f8c3b\",\n\t\t\t\t\t\t\t\t\ttarget: \"#hbspt-form-1777367535000-4453318103\",\n\t\t\t\t\t\t\t\t\tregion: \"eu1\",\n\t\t\t\t\t\t\t\t\t\n\t\t\t\t\t\t\t})});\n\t\t\t\t\t\t<\/script>\n\t\t\t\t\t\t<div class=\"hbspt-form\" id=\"hbspt-form-1777367535000-4453318103\"><\/div>\n<\/div><\/div><\/div><\/div><\/div><\/div><\/section>\n<\/div><\/div><\/div><\/div><\/section>","protected":false},"excerpt":{"rendered":"IndustriesMagnetIQ delivers advanced magnetic assemblies across a wide range of industries, from motion systems to clean energy solutions. Our magnetic expertise and engineering capabilities enable clients to develop smarter, more efficient applications. Explore six key sectors where magnetic technology plays a vital role.\u00a0 Motion &amp; Drive TechnologyHigh-performance magnetic assemblies for rotors, linear motors, and precision...","protected":false},"author":1,"featured_media":0,"parent":0,"menu_order":0,"comment_status":"closed","ping_status":"closed","template":"","meta":{"_seopress_robots_primary_cat":"","_seopress_titles_title":"","_seopress_titles_desc":"","_seopress_robots_index":"","content-type":"","footnotes":""},"class_list":["post-87","page","type-page","status-publish","hentry"],"_links":{"self":[{"href":"https:\/\/www.magnetiqtechnologies.com\/de\/wp-json\/wp\/v2\/pages\/87","targetHints":{"allow":["GET"]}}],"collection":[{"href":"https:\/\/www.magnetiqtechnologies.com\/de\/wp-json\/wp\/v2\/pages"}],"about":[{"href":"https:\/\/www.magnetiqtechnologies.com\/de\/wp-json\/wp\/v2\/types\/page"}],"author":[{"embeddable":true,"href":"https:\/\/www.magnetiqtechnologies.com\/de\/wp-json\/wp\/v2\/users\/1"}],"replies":[{"embeddable":true,"href":"https:\/\/www.magnetiqtechnologies.com\/de\/wp-json\/wp\/v2\/comments?post=87"}],"version-history":[{"count":2,"href":"https:\/\/www.magnetiqtechnologies.com\/de\/wp-json\/wp\/v2\/pages\/87\/revisions"}],"predecessor-version":[{"id":894,"href":"https:\/\/www.magnetiqtechnologies.com\/de\/wp-json\/wp\/v2\/pages\/87\/revisions\/894"}],"wp:attachment":[{"href":"https:\/\/www.magnetiqtechnologies.com\/de\/wp-json\/wp\/v2\/media?parent=87"}],"curies":[{"name":"wp","href":"https:\/\/api.w.org\/{rel}","templated":true}]}}