{"id":29,"date":"2025-07-03T13:10:55","date_gmt":"2025-07-03T13:10:55","guid":{"rendered":"https:\/\/magnet.questo.nl\/?page_id=29"},"modified":"2025-08-20T10:56:57","modified_gmt":"2025-08-20T08:56:57","slug":"assemblages-op-maat","status":"publish","type":"page","link":"https:\/\/www.magnetiqtechnologies.com\/nl\/assemblies\/custom-assemblies\/","title":{"rendered":"Aangepaste assemblages"},"content":{"rendered":"<section class=\"l-section wpb_row hide_on_tablets hide_on_mobiles height_auto\"><div class=\"l-section-h i-cf\"><div class=\"g-cols vc_row via_grid cols_1 laptops-cols_inherit tablets-cols_inherit mobiles-cols_1 valign_top type_default stacking_default\"><div class=\"wpb_column vc_column_container\"><div class=\"vc_column-inner\"><div class=\"w-separator size_custom\" style=\"height:20px\"><\/div><nav class=\"g-breadcrumbs separator_icon align_none\" itemscope itemtype=\"http:\/\/schema.org\/BreadcrumbList\"><div class=\"g-breadcrumbs-item\" itemscope itemprop=\"itemListElement\" itemtype=\"http:\/\/schema.org\/ListItem\"><a itemprop=\"item\" href=\"https:\/\/www.magnetiqtechnologies.com\/nl\/\"><span itemprop=\"name\">Home<\/span><\/a><meta itemprop=\"position\" content=\"1\"\/><\/div><div class=\"g-breadcrumbs-separator\"><i class=\"far fa-angle-right\"><\/i><\/div><div class=\"g-breadcrumbs-item\">Pagina's<\/div><\/nav><div class=\"w-separator size_custom\" style=\"height:20px\"><\/div><\/div><\/div><\/div><\/div><\/section><section class=\"l-section wpb_row height_auto\"><div class=\"l-section-overlay\" style=\"background:var(--color-lightbluegray-custom)\"><\/div><div class=\"l-section-h i-cf\"><div class=\"g-cols vc_row via_grid cols_1 laptops-cols_inherit tablets-cols_inherit mobiles-cols_1 valign_top type_default stacking_default\"><div class=\"wpb_column vc_column_container\"><div class=\"vc_column-inner\"><div class=\"w-image align_none\"><div class=\"w-image-h\"><img decoding=\"async\" width=\"1400\" height=\"500\" src=\"https:\/\/www.magnetiqtechnologies.com\/wp-content\/uploads\/2025\/08\/Banner-Custom-magnetic-assemblies.jpg\" class=\"attachment-full size-full\" alt=\"\" loading=\"lazy\" srcset=\"https:\/\/www.magnetiqtechnologies.com\/wp-content\/uploads\/2025\/08\/Banner-Custom-magnetic-assemblies.jpg 1400w, https:\/\/www.magnetiqtechnologies.com\/wp-content\/uploads\/2025\/08\/Banner-Custom-magnetic-assemblies-300x107.jpg 300w, https:\/\/www.magnetiqtechnologies.com\/wp-content\/uploads\/2025\/08\/Banner-Custom-magnetic-assemblies-1024x366.jpg 1024w\" sizes=\"auto, (max-width: 1400px) 100vw, 1400px\" \/><\/div><\/div><\/div><\/div><\/div><\/div><\/section><section class=\"l-section wpb_row height_medium\"><div class=\"l-section-overlay\" style=\"background:var(--color-lightbluegray-custom)\"><\/div><div class=\"l-section-h i-cf\"><div class=\"g-cols vc_row via_grid cols_2 laptops-cols_inherit tablets-cols_inherit mobiles-cols_1 valign_top type_default stacking_default\"><div class=\"wpb_column vc_column_container\"><div class=\"vc_column-inner\"><h1 class=\"w-text us_custom_54456bbe\"><span class=\"w-text-h\"><span class=\"w-text-value\">Magnetische assemblages op maat voor bedrijfskritische toepassingen<\/span><\/span><\/h1><\/div><\/div><div class=\"wpb_column vc_column_container us_custom_a5ef9130\"><div class=\"vc_column-inner\"><div class=\"wpb_text_column\"><div class=\"wpb_wrapper\"><p>Standaard magnetische onderdelen schieten vaak tekort wanneer technische, ruimtelijke of omgevingsbeperkingen complex worden. Bij MagnetIQ bieden we op maat gemaakte magnetische assemblages, ontworpen om te voldoen aan specifieke vormfactoren, materiaallimieten, veldvereisten of integratie-eisen. Of het nu gaat om geavanceerde bewegingssystemen, veeleisende omgevingen of regelgevingseisen \u2014 onze op maat gemaakte assemblages brengen prestaties, eenvoud en reproduceerbaarheid naar uw productarchitectuur.<\/p>\n<\/div><\/div><\/div><\/div><\/div><\/div><\/section><section class=\"l-section wpb_row height_medium\"><div class=\"l-section-h i-cf\"><div class=\"g-cols vc_row via_grid cols_1-2 laptops-cols_inherit tablets-cols_inherit mobiles-cols_1 valign_top type_default stacking_default\"><div class=\"wpb_column vc_column_container\"><div class=\"vc_column-inner\"><\/div><\/div><div class=\"wpb_column vc_column_container us_custom_6e74c4b0\"><div class=\"vc_column-inner\"><h2 class=\"w-text\"><span class=\"w-text-h\"><span class=\"w-text-value\">Wat zijn aangepaste magnetische assemblages?<\/span><\/span><\/h2><div class=\"wpb_text_column us_custom_6e74c4b0\"><div class=\"wpb_wrapper\"><p>Op maat gemaakte magnetische assemblages zijn ontworpen modules die permanente magneten combineren met mechanische componenten, uitlijningsvoorzieningen en beschermende elementen. In tegenstelling tot standaardmagneten zijn deze assemblages speciaal ontwikkeld om te passen binnen specifieke ontwerpbeperkingen en functionele eisen. Een op maat gemaakte magnetische subassemblage kan gevormde magneten, behuizingen, bondinterfaces of coatings bevatten \u2014 allemaal ge\u00efntegreerd tot \u00e9\u00e9n geteste eenheid. Ze worden vaak toegepast in situaties waar uitlijning, veldsterkte, reproduceerbaarheid of weerstand tegen omgevingsfactoren cruciaal is.<\/p>\n<\/div><\/div><div class=\"w-separator size_small\"><\/div><h2 class=\"w-text\"><span class=\"w-text-h\"><span class=\"w-text-value\">Waarom kiezen voor een aangepaste magneet in plaats van een standaard magneet?<\/span><\/span><\/h2><div class=\"wpb_text_column us_custom_6e74c4b0\"><div class=\"wpb_wrapper\"><p>Standaardmagneten bieden gemak, maar voldoen zelden aan de alle eisen in van geavanceerde mechatronische systemen. Het kiezen van een op maat gemaakte magneet of assemblage maakt optimalisatie mogelijk op verschillende gebieden: magnetisatierichting, magnetisch veldprofiel, thermische prestaties, corrosiebestendigheid en integratie. Dit vermindert de noodzaak van mechanische aanpassingen, verlengt de levensduur van het product en verhoogt de consistentie van de prestaties. Vooral in veiligheidkritische of ruimtebeperkte ontwerpen. Voor bedrijven leidt dit vaak tot snellere assemblagetijden en minder storingen in het veld.<\/p>\n<\/div><\/div><div class=\"w-separator size_small\"><\/div><h3 class=\"w-text\"><span class=\"w-text-h\"><span class=\"w-text-value\">Hoe wij op maat gemaakte magnetische modules ontwikkelen<\/span><\/span><\/h3><div class=\"wpb_text_column us_custom_6e74c4b0\"><div class=\"wpb_wrapper\"><p>Kant-en-klare magneten zijn niet ontworpen voor uw systeem en sluiten daarom zelden aan bij de behoeften van complexe toepassingen. Onze op maat gemaakte assemblages combineren materiaalselectie, magnetisatierichting, mechanische vorm, coatings en bevestiging \u2014 allemaal afgestemd op uw technische specificaties. Zo voorkomen we trial-and-error en leveren we een gevalideerde oplossing die direct past.<\/p>\n<\/div><\/div><\/div><\/div><\/div><\/div><\/section><section class=\"l-section wpb_row height_large\"><div class=\"l-section-overlay\" style=\"background:var(--color-lightbluegray-custom)\"><\/div><div class=\"l-section-h i-cf\"><div class=\"g-cols vc_row via_grid cols_1 laptops-cols_inherit tablets-cols_inherit mobiles-cols_1 valign_top type_default stacking_default\"><div class=\"wpb_column vc_column_container has-link\"><div class=\"vc_column-inner\"><div class=\"g-cols wpb_row via_grid cols_1-2 laptops-cols_inherit tablets-cols_inherit mobiles-cols_1 valign_top type_default stacking_default\" style=\"--columns-gap:1.5rem;\"><div class=\"wpb_column vc_column_container\"><div class=\"vc_column-inner\"><\/div><\/div><div class=\"wpb_column vc_column_container\"><div class=\"vc_column-inner\"><h2 class=\"w-text\"><span class=\"w-text-h\"><span class=\"w-text-value\">Van ontwerp tot maatwerkmagneet: hoe het werkt<\/span><\/span><\/h2><div class=\"wpb_text_column\"><div class=\"wpb_wrapper\"><p>We produceren en assembleren op maat gemaakte magnetische modules met een mix van eigen expertise en betrouwbare partners. Ruwe magneten zoals NdFeB, SmCo of ferriet worden gevormd en gemagnetiseerd, daarna gebonden, uitgelijnd en soms ingekapseld \u2014 precies volgens de specificaties van de klant.<\/p>\n<\/div><\/div><\/div><\/div><\/div><div class=\"w-separator size_medium\"><\/div><div class=\"g-cols wpb_row via_grid cols_3 laptops-cols_inherit tablets-cols_inherit mobiles-cols_1 valign_top type_default stacking_default\" style=\"--columns-gap:1.5rem;\"><div class=\"wpb_column vc_column_container\"><div class=\"vc_column-inner\"><div class=\"w-image align_none\"><div class=\"w-image-h\"><img decoding=\"async\" width=\"1000\" height=\"1000\" src=\"https:\/\/www.magnetiqtechnologies.com\/wp-content\/uploads\/2025\/08\/magnet-assemblies-custom.png\" class=\"attachment-large size-large\" alt=\"\" loading=\"lazy\" srcset=\"https:\/\/www.magnetiqtechnologies.com\/wp-content\/uploads\/2025\/08\/magnet-assemblies-custom.png 1000w, https:\/\/www.magnetiqtechnologies.com\/wp-content\/uploads\/2025\/08\/magnet-assemblies-custom-300x300.png 300w, https:\/\/www.magnetiqtechnologies.com\/wp-content\/uploads\/2025\/08\/magnet-assemblies-custom-150x150.png 150w, https:\/\/www.magnetiqtechnologies.com\/wp-content\/uploads\/2025\/08\/magnet-assemblies-custom-12x12.png 12w\" sizes=\"auto, (max-width: 1000px) 100vw, 1000px\" \/><\/div><\/div><\/div><\/div><div class=\"wpb_column vc_column_container\"><div class=\"vc_column-inner\"><div class=\"w-image align_none\"><div class=\"w-image-h\"><img decoding=\"async\" width=\"1000\" height=\"1000\" src=\"https:\/\/www.magnetiqtechnologies.com\/wp-content\/uploads\/2025\/08\/Custom-Magnet-Motor.png\" class=\"attachment-large size-large\" alt=\"\" loading=\"lazy\" srcset=\"https:\/\/www.magnetiqtechnologies.com\/wp-content\/uploads\/2025\/08\/Custom-Magnet-Motor.png 1000w, https:\/\/www.magnetiqtechnologies.com\/wp-content\/uploads\/2025\/08\/Custom-Magnet-Motor-300x300.png 300w, https:\/\/www.magnetiqtechnologies.com\/wp-content\/uploads\/2025\/08\/Custom-Magnet-Motor-150x150.png 150w, https:\/\/www.magnetiqtechnologies.com\/wp-content\/uploads\/2025\/08\/Custom-Magnet-Motor-12x12.png 12w\" sizes=\"auto, (max-width: 1000px) 100vw, 1000px\" \/><\/div><\/div><\/div><\/div><div class=\"wpb_column vc_column_container\"><div class=\"vc_column-inner\"><div class=\"w-image align_none\"><div class=\"w-image-h\"><img decoding=\"async\" width=\"1000\" height=\"1000\" src=\"https:\/\/www.magnetiqtechnologies.com\/wp-content\/uploads\/2025\/08\/Custom-magnetic-assemblies-magnet.png\" class=\"attachment-large size-large\" alt=\"\" loading=\"lazy\" srcset=\"https:\/\/www.magnetiqtechnologies.com\/wp-content\/uploads\/2025\/08\/Custom-magnetic-assemblies-magnet.png 1000w, https:\/\/www.magnetiqtechnologies.com\/wp-content\/uploads\/2025\/08\/Custom-magnetic-assemblies-magnet-300x300.png 300w, https:\/\/www.magnetiqtechnologies.com\/wp-content\/uploads\/2025\/08\/Custom-magnetic-assemblies-magnet-150x150.png 150w, https:\/\/www.magnetiqtechnologies.com\/wp-content\/uploads\/2025\/08\/Custom-magnetic-assemblies-magnet-12x12.png 12w\" sizes=\"auto, (max-width: 1000px) 100vw, 1000px\" \/><\/div><\/div><\/div><\/div><\/div><\/div><a href=\"https:\/\/www.magneticinnovations.com\/products\/electric-linear-actuator\" class=\"vc_column-link smooth-scroll\" aria-label=\"Link\"><\/a><\/div><\/div><\/div><\/section><section class=\"l-section wpb_row height_medium\"><div class=\"l-section-h i-cf\"><div class=\"g-cols vc_row via_grid cols_1-2 laptops-cols_inherit tablets-cols_inherit mobiles-cols_1 valign_top type_default stacking_default\"><div class=\"wpb_column vc_column_container\"><div class=\"vc_column-inner\"><\/div><\/div><div class=\"wpb_column vc_column_container us_custom_6e74c4b0\"><div class=\"vc_column-inner\"><h2 class=\"w-text\"><span class=\"w-text-h\"><span class=\"w-text-value\">Technische ervaring &amp; productiemogelijkheden van MagnetIQ<\/span><\/span><\/h2><div class=\"wpb_text_column us_custom_6e74c4b0\"><div class=\"wpb_wrapper\"><ul>\n<li>Tooling-ontwerp gebaseerd op berekende magnetische montagekrachten<\/li>\n<li>Bewezen hanterings- en hechttechnieken voor kwetsbare zeldzame aardmetalen<\/li>\n<li>Gebruik van cobots en geleide handmatige processen voor veilige uitlijning<\/li>\n<li>Cleanroom-compatibele assemblage en post-curing mogelijkheden<\/li>\n<li>Ge\u00efntegreerde stappen: slijpen, banderolleren, coaten, magnetisch meten<\/li>\n<li>Bewezen gebruik in aandrijving en beweging, duurzame systemen, NMR-instrumenten, lineaire\/servo\/tractiemotoren, wervelstroomremmodules, sensoren en klantspecifieke ontwerpen<\/li>\n<\/ul>\n<\/div><\/div><div class=\"w-separator size_small\"><\/div><h2 class=\"w-text\"><span class=\"w-text-h\"><span class=\"w-text-value\">Waar aangepaste assemblages waarde toevoegen<\/span><\/span><\/h2><div class=\"wpb_text_column us_custom_6e74c4b0\"><div class=\"wpb_wrapper\"><ul>\n<li>Geminiaturiseerde aandrijvingen in medische robotica of instrumenten<\/li>\n<li>Ruwe buiten- of offshore-apparatuur<\/li>\n<li>Gevoelige mechatronica waarbij lekvelden moeten worden beperkt<\/li>\n<li>Ruimtevaartassemblages met extreme temperatuurcycli<\/li>\n<li>Modulaire bouwstenen voor automatisering van grote volumes<\/li>\n<\/ul>\n<\/div><\/div><div class=\"w-separator size_small\"><\/div><h2 class=\"w-text\"><span class=\"w-text-h\"><span class=\"w-text-value\">Waarom kiezen voor MagnetIQ?<\/span><\/span><\/h2><div class=\"wpb_text_column us_custom_6e74c4b0\"><div class=\"wpb_wrapper\"><ul>\n<li>Hands-on engineering met magnetische en mechanische integratie<\/li>\n<li>Ervaring met lijmen, afschermingen en coatings<\/li>\n<li>Gevalideerde tooling en cobot-ondersteunde assemblagelijnen<\/li>\n<li>Responsieve ondersteuning bij ontwikkeling en opschaling<\/li>\n<li>Gebouwd volgens specificaties. Geleverd om te vertrouwen.<\/li>\n<\/ul>\n<\/div><\/div><\/div><\/div><\/div><\/div><\/section><section class=\"l-section wpb_row height_medium\"><div class=\"l-section-h i-cf\"><div class=\"g-cols vc_row via_grid cols_1 laptops-cols_inherit tablets-cols_inherit mobiles-cols_1 valign_top type_default stacking_default\"><div class=\"wpb_column vc_column_container\"><div class=\"vc_column-inner\"><section class=\"l-section wpb_row us_custom_54d36dc2 height_medium width_full color_alternate\"><div class=\"l-section-overlay\" style=\"background:var(--color-lightbluegray-custom)\"><\/div><div class=\"l-section-h i-cf\"><div class=\"g-cols vc_row via_grid cols_2 laptops-cols_inherit tablets-cols_inherit mobiles-cols_1 valign_top type_default stacking_default\" style=\"--columns-gap:calc(3rem + 3rem);\"><div class=\"wpb_column vc_column_container us_custom_0d2adaf3\"><div class=\"vc_column-inner\"><h4 class=\"w-text us_custom_745b0270\"><span class=\"w-text-h\"><span class=\"w-text-value\">Neem contact op met ons team<\/span><\/span><\/h4><div class=\"wpb_text_column\"><div class=\"wpb_wrapper\"><p>Een offerte aanvragen of even sparren over jouw vraag?\nLaat een bericht achter via het contactformulier. Wij reageren binnen 24 uur.<\/p>\n<\/div><\/div><\/div><\/div><div class=\"wpb_column vc_column_container\"><div class=\"vc_column-inner\"><div class=\"wpb_text_column\"><div class=\"wpb_wrapper\">\n\t\t\t\t\t\t<script>\n\t\t\t\t\t\t\twindow.hsFormsOnReady = window.hsFormsOnReady || [];\n\t\t\t\t\t\t\twindow.hsFormsOnReady.push(()=>{\n\t\t\t\t\t\t\t\thbspt.forms.create({\n\t\t\t\t\t\t\t\t\tportalId: 146721309,\n\t\t\t\t\t\t\t\t\tformId: \"badd9b6c-27f7-485f-89ae-539526afea7b\",\n\t\t\t\t\t\t\t\t\ttarget: \"#hbspt-form-1777197794000-3168503984\",\n\t\t\t\t\t\t\t\t\tregion: \"eu1\",\n\t\t\t\t\t\t\t\t\t\n\t\t\t\t\t\t\t})});\n\t\t\t\t\t\t<\/script>\n\t\t\t\t\t\t<div class=\"hbspt-form\" id=\"hbspt-form-1777197794000-3168503984\"><\/div>\n<\/div><\/div><\/div><\/div><\/div><\/div><\/section>\n<\/div><\/div><\/div><\/div><\/section>","protected":false},"excerpt":{"rendered":"HomePagina'sCustom magnetic Assemblies for Business-Critical ApplicationsStandard magnetic parts often fall short when technical, spatial, or environmental constraints become complex. At MagnetIQ, we offer custom magnetic assemblies engineered to meet specific form factors, material limitations, field requirements or integration demands. Whether for advanced motion systems, harsh environments or regulatory constraints \u2014 our tailored assemblies bring performance,...","protected":false},"author":1,"featured_media":0,"parent":18,"menu_order":0,"comment_status":"closed","ping_status":"closed","template":"","meta":{"_seopress_robots_primary_cat":"","_seopress_titles_title":"","_seopress_titles_desc":"","_seopress_robots_index":"","content-type":"","footnotes":""},"class_list":["post-29","page","type-page","status-publish","hentry"],"_links":{"self":[{"href":"https:\/\/www.magnetiqtechnologies.com\/nl\/wp-json\/wp\/v2\/pages\/29","targetHints":{"allow":["GET"]}}],"collection":[{"href":"https:\/\/www.magnetiqtechnologies.com\/nl\/wp-json\/wp\/v2\/pages"}],"about":[{"href":"https:\/\/www.magnetiqtechnologies.com\/nl\/wp-json\/wp\/v2\/types\/page"}],"author":[{"embeddable":true,"href":"https:\/\/www.magnetiqtechnologies.com\/nl\/wp-json\/wp\/v2\/users\/1"}],"replies":[{"embeddable":true,"href":"https:\/\/www.magnetiqtechnologies.com\/nl\/wp-json\/wp\/v2\/comments?post=29"}],"version-history":[{"count":0,"href":"https:\/\/www.magnetiqtechnologies.com\/nl\/wp-json\/wp\/v2\/pages\/29\/revisions"}],"up":[{"embeddable":true,"href":"https:\/\/www.magnetiqtechnologies.com\/nl\/wp-json\/wp\/v2\/pages\/18"}],"wp:attachment":[{"href":"https:\/\/www.magnetiqtechnologies.com\/nl\/wp-json\/wp\/v2\/media?parent=29"}],"curies":[{"name":"wp","href":"https:\/\/api.w.org\/{rel}","templated":true}]}}